{"id":1867,"date":"2025-11-13T08:51:15","date_gmt":"2025-11-13T08:51:15","guid":{"rendered":"https:\/\/locationmaroc.net\/?page_id=1867"},"modified":"2025-11-14T14:26:49","modified_gmt":"2025-11-14T14:26:49","slug":"agencia-de-alquiler-de-coches-en-agadir-marruecos","status":"publish","type":"page","link":"https:\/\/locationmaroc.net\/es\/agencia-de-alquiler-de-coches-en-agadir-marruecos\/","title":{"rendered":"Agadir"},"content":{"rendered":"<div data-elementor-type=\"wp-page\" data-elementor-id=\"1867\" class=\"elementor elementor-1867\">\n\t\t\t\t\t\t<section class=\"elementor-section elementor-top-section elementor-element elementor-element-3e9416c elementor-section-stretched elementor-section-boxed elementor-section-height-default elementor-section-height-default\" data-id=\"3e9416c\" data-element_type=\"section\" data-settings=\"{&quot;stretch_section&quot;:&quot;section-stretched&quot;,&quot;background_background&quot;:&quot;classic&quot;}\">\n\t\t\t\t\t\t<div class=\"elementor-container elementor-column-gap-default\">\n\t\t\t\t\t<div class=\"elementor-column elementor-col-100 elementor-top-column elementor-element elementor-element-84981cf\" data-id=\"84981cf\" data-element_type=\"column\">\n\t\t\t<div class=\"elementor-widget-wrap elementor-element-populated\">\n\t\t\t\t\t\t<div class=\"elementor-element elementor-element-cae8838 elementor-widget elementor-widget-cz_title\" data-id=\"cae8838\" data-element_type=\"widget\" data-widget_type=\"cz_title.default\">\n\t\t\t\t<div class=\"elementor-widget-container\">\n\t\t\t\t\t\t\r\n\t\t<div>\r\n\t\t\t<div class=\"cz_title clr cz_mobile_text_center cz_title_pos_inline tac\"><div class=\"cz_title_shape shape_square cz_shape_1\"><\/div><div class=\"cz_title_shape shape_square cz_shape_2\"><\/div><div class=\"cz_title_content\"><div class=\"cz_wpe_content\"><h3 style=\"text-align: center;\"><span style=\"font-weight: 300; color: #ffffff;\">Alquiler de coches en Marruecos<\/span><\/h3>\n<h2 style=\"text-align: center;\"><span style=\"color: #ffffff; font-weight: bold;\">Agencia de alquiler de coches en Agadir<\/span><\/h2><\/div><\/div><\/div>\r\n\t\t<\/div>\r\n\t\t\r\n\t\t\t\t\t\t<\/div>\n\t\t\t\t<\/div>\n\t\t\t\t<section class=\"elementor-section elementor-inner-section elementor-element elementor-element-e716e90 elementor-section-boxed elementor-section-height-default elementor-section-height-default\" data-id=\"e716e90\" data-element_type=\"section\">\n\t\t\t\t\t\t<div class=\"elementor-container elementor-column-gap-default\">\n\t\t\t\t\t<div class=\"elementor-column elementor-col-100 elementor-inner-column elementor-element elementor-element-baf0686\" data-id=\"baf0686\" data-element_type=\"column\">\n\t\t\t<div class=\"elementor-widget-wrap elementor-element-populated\">\n\t\t\t\t\t\t<div class=\"elementor-element elementor-element-22f62b9 elementor-widget elementor-widget-cz_title\" data-id=\"22f62b9\" data-element_type=\"widget\" data-widget_type=\"cz_title.default\">\n\t\t\t\t<div class=\"elementor-widget-container\">\n\t\t\t\t\t\t\r\n\t\t<div>\r\n\t\t\t<div class=\"cz_title clr cz_mobile_text_center cz_title_pos_inline tac\"><div class=\"cz_title_content\"><div class=\"cz_wpe_content\"><p style=\"text-align: center;\"><span style=\"color: #ffffff;\"><span style=\"font-size: 18px;\">Alquiler de coches en Agadir. Disfrute de un servicio r\u00e1pido, fiable y econ\u00f3mico para explorar la Perla del Sur: entre playas doradas, monta\u00f1as del Atlas y la aut\u00e9ntica cultura amazigh. <\/span><\/p><\/div><\/div><\/div>\r\n\t\t<\/div>\r\n\t\t\r\n\t\t\t\t\t\t<\/div>\n\t\t\t\t<\/div>\n\t\t\t\t<div class=\"elementor-element elementor-element-5b29a14 elementor-widget elementor-widget-cz_attribute_box\" data-id=\"5b29a14\" data-element_type=\"widget\" data-widget_type=\"cz_attribute_box.default\">\n\t\t\t\t<div class=\"elementor-widget-container\">\n\t\t\t\t\t<div class=\"xtra-attribute-box cz_svg_bg clr\"><div><div class=\"xtra-attribute-box-item elementor-repeater-item-63be85c\"><p><span style=\"font-size: 12px;\">Horario de atenci\u00f3n<br \/><\/span><\/p><h5>24\/7<\/h5><\/div><div class=\"xtra-attribute-box-item elementor-repeater-item-fcf9f18\"><p><span style=\"font-size: 12px;\">Semejante<\/span><\/p><h5>+212 6 76 01 01 52<\/h5><\/div><div class=\"xtra-attribute-box-item elementor-repeater-item-2ef1b76\"><span style=\"font-size: 12px;\">Correo electr\u00f3nico<\/span>\n<h5>Agadir@<\/h5><\/div><a ><\/a><\/div><\/div>\t\t\t\t<\/div>\n\t\t\t\t<\/div>\n\t\t\t\t\t<\/div>\n\t\t<\/div>\n\t\t\t\t\t<\/div>\n\t\t<\/section>\n\t\t\t\t\t<\/div>\n\t\t<\/div>\n\t\t\t\t\t<\/div>\n\t\t<\/section>\n\t\t\t\t<section class=\"elementor-section elementor-top-section elementor-element elementor-element-511057a elementor-section-boxed elementor-section-height-default elementor-section-height-default\" data-id=\"511057a\" data-element_type=\"section\">\n\t\t\t\t\t\t<div class=\"elementor-container elementor-column-gap-default\">\n\t\t\t\t\t<div class=\"elementor-column elementor-col-50 elementor-top-column elementor-element elementor-element-5162d30\" data-id=\"5162d30\" data-element_type=\"column\">\n\t\t\t<div class=\"elementor-widget-wrap elementor-element-populated\">\n\t\t\t\t\t\t<div class=\"elementor-element elementor-element-f8ec630 elementor-widget elementor-widget-cz_image\" data-id=\"f8ec630\" data-element_type=\"widget\" data-widget_type=\"cz_image.default\">\n\t\t\t\t<div class=\"elementor-widget-container\">\n\t\t\t\t\t\r\n\t\t<div class=\"cz_image clr cz_image_no_fx center_on_mobile\" data-position=\"\">\r\n\r\n\t\t\t<div>\r\n\r\n\t\t\t\t<div class=\"cz_image_in\">\r\n\r\n\t\t\t\t\t<div class=\"cz_main_image\"><img fetchpriority=\"high\" decoding=\"async\" width=\"500\" height=\"680\" src=\"https:\/\/locationmaroc.net\/wp-content\/uploads\/2025\/11\/agadir-city-min.jpg\" class=\"attachment-full size-full wp-image-1661\" alt=\"\" srcset=\"https:\/\/locationmaroc.net\/wp-content\/uploads\/2025\/11\/agadir-city-min.jpg 500w, https:\/\/locationmaroc.net\/wp-content\/uploads\/2025\/11\/agadir-city-min-221x300.jpg 221w\" sizes=\"(max-width: 500px) 100vw, 500px\" \/><\/div>\r\n\r\n\t\t\t\t\t<div class=\"cz_hover_image\"><img fetchpriority=\"high\" decoding=\"async\" width=\"500\" height=\"680\" src=\"https:\/\/locationmaroc.net\/wp-content\/uploads\/2025\/11\/agadir-city-min.jpg\" class=\"attachment-full size-full wp-image-1661\" alt=\"\" srcset=\"https:\/\/locationmaroc.net\/wp-content\/uploads\/2025\/11\/agadir-city-min.jpg 500w, https:\/\/locationmaroc.net\/wp-content\/uploads\/2025\/11\/agadir-city-min-221x300.jpg 221w\" sizes=\"(max-width: 500px) 100vw, 500px\" \/><\/div>\r\n\t\t\t\t<\/div>\r\n\r\n\t\t\t\t\r\n\t\t\t<\/div>\r\n\r\n\t\t<\/div>\r\n\r\n\t\t\t\t\t<\/div>\n\t\t\t\t<\/div>\n\t\t\t\t\t<\/div>\n\t\t<\/div>\n\t\t\t\t<div class=\"elementor-column elementor-col-50 elementor-top-column elementor-element elementor-element-ce2403b\" data-id=\"ce2403b\" data-element_type=\"column\">\n\t\t\t<div class=\"elementor-widget-wrap elementor-element-populated\">\n\t\t\t\t\t\t<div class=\"elementor-element elementor-element-07fcd44 elementor-widget elementor-widget-cz_title\" data-id=\"07fcd44\" data-element_type=\"widget\" data-widget_type=\"cz_title.default\">\n\t\t\t\t<div class=\"elementor-widget-container\">\n\t\t\t\t\t\t\r\n\t\t<div>\r\n\t\t\t<div class=\"cz_title clr cz_mobile_text_center cz_title_pos_inline\"><div class=\"cz_title_shape shape_square cz_shape_1\"><\/div><div class=\"cz_title_shape shape_square cz_shape_2\"><\/div><div class=\"cz_title_content\"><div class=\"cz_wpe_content\"><h2><span style=\"font-weight: bold;\">Tu agencia de alquiler de coches en el coraz\u00f3n de Agadir <\/span><\/h2><\/div><\/div><\/div>\r\n\t\t<\/div>\r\n\t\t\r\n\t\t\t\t\t\t<\/div>\n\t\t\t\t<\/div>\n\t\t\t\t<div class=\"elementor-element elementor-element-a94fcd7 elementor-widget elementor-widget-cz_title\" data-id=\"a94fcd7\" data-element_type=\"widget\" data-widget_type=\"cz_title.default\">\n\t\t\t\t<div class=\"elementor-widget-container\">\n\t\t\t\t\t\t\r\n\t\t<div>\r\n\t\t\t<div class=\"cz_title clr cz_mobile_text_center cz_title_pos_inline\"><div class=\"cz_title_content\"><div class=\"cz_wpe_content\"><p>Nuestra agencia de alquiler de coches en Marruecos, en el centro de la ciudad de Agadir, ofrece una amplia flota de veh\u00edculos recientes, c\u00f3modos y en perfecto estado, adaptados a todas sus necesidades:<\/p><ul><li>Coches urbanos econ\u00f3micos: pr\u00e1cticos y ligeros para desplazarse f\u00e1cilmente por los centros de las ciudades.<\/li><li>SUV y 4x4: ideales para excursiones por la regi\u00f3n de Souss y carreteras de monta\u00f1a.<\/li><li>Veh\u00edculos familiares: para viajar en grupo con la m\u00e1xima comodidad.<\/li><li>Veh\u00edculos utilitarios: para sus necesidades de transporte profesionales o personales.<\/li><\/ul><p>Nuestros veh\u00edculos reciben mantenimiento regular, cuentan con aire acondicionado, est\u00e1n asegurados y equipados para ofrecerle una experiencia de conducci\u00f3n segura y placentera.<br \/>Con Location Auto Maroc, alquilar un coche en Agadir se vuelve sencillo, r\u00e1pido y accesible para todos.<\/p><\/div><\/div><\/div>\r\n\t\t<\/div>\r\n\t\t\r\n\t\t\t\t\t\t<\/div>\n\t\t\t\t<\/div>\n\t\t\t\t\t<\/div>\n\t\t<\/div>\n\t\t\t\t\t<\/div>\n\t\t<\/section>\n\t\t\t\t<section class=\"elementor-section elementor-top-section elementor-element elementor-element-b179725 elementor-section-boxed elementor-section-height-default elementor-section-height-default\" data-id=\"b179725\" data-element_type=\"section\">\n\t\t\t\t\t\t<div class=\"elementor-container elementor-column-gap-default\">\n\t\t\t\t\t<div class=\"elementor-column elementor-col-50 elementor-top-column elementor-element elementor-element-16715bd\" data-id=\"16715bd\" data-element_type=\"column\">\n\t\t\t<div class=\"elementor-widget-wrap elementor-element-populated\">\n\t\t\t\t\t\t<div class=\"elementor-element elementor-element-1b565fc elementor-widget elementor-widget-cz_title\" data-id=\"1b565fc\" data-element_type=\"widget\" data-widget_type=\"cz_title.default\">\n\t\t\t\t<div class=\"elementor-widget-container\">\n\t\t\t\t\t\t\r\n\t\t<div>\r\n\t\t\t<div class=\"cz_title clr cz_mobile_text_center cz_title_pos_inline\"><div class=\"cz_title_shape shape_square cz_shape_1\"><\/div><div class=\"cz_title_shape shape_square cz_shape_2\"><\/div><div class=\"cz_title_content\"><div class=\"cz_wpe_content\"><h2><span style=\"font-weight: bold;\">Explora Agadir y sus alrededores a tu propio ritmo. <\/span><\/h2><\/div><\/div><\/div>\r\n\t\t<\/div>\r\n\t\t\r\n\t\t\t\t\t\t<\/div>\n\t\t\t\t<\/div>\n\t\t\t\t<div class=\"elementor-element elementor-element-891d02a elementor-widget elementor-widget-cz_title\" data-id=\"891d02a\" data-element_type=\"widget\" data-widget_type=\"cz_title.default\">\n\t\t\t\t<div class=\"elementor-widget-container\">\n\t\t\t\t\t\t\r\n\t\t<div>\r\n\t\t\t<div class=\"cz_title clr cz_mobile_text_center cz_title_pos_inline\"><div class=\"cz_title_content\"><div class=\"cz_wpe_content\"><p>Agadir, un emblem\u00e1tico balneario marroqu\u00ed, cautiva a los visitantes con su clima soleado durante todo el a\u00f1o y sus numerosas atracciones tur\u00edsticas. Con tu coche de alquiler, explora a tu propio ritmo.<\/p><ul><li>Playa de Agadir, 10 km de arena fina y deportes acu\u00e1ticos.<\/li><li>La Kasbah de Agadir Oufella, espectacular panorama de la ciudad y el oc\u00e9ano.<\/li><li>Paradise Valley, un oasis natural a tan solo 30 km de distancia.<\/li><li>Tafraout y Taroudant, las joyas ocultas de la regi\u00f3n de Souss, a tan solo unas horas en coche.<\/li><li>El puerto pesquero y el puerto deportivo, entre tradici\u00f3n y modernidad.<\/li><\/ul><p>\u00bfBuscas aventura? Recorre las carreteras hacia Essaouira, Tiznit, Mirleft o Sidi Ifni, f\u00e1cilmente accesibles con tu coche de alquiler.<\/p><\/div><\/div><\/div>\r\n\t\t<\/div>\r\n\t\t\r\n\t\t\t\t\t\t<\/div>\n\t\t\t\t<\/div>\n\t\t\t\t\t<\/div>\n\t\t<\/div>\n\t\t\t\t<div class=\"elementor-column elementor-col-50 elementor-top-column elementor-element elementor-element-a7a9181\" data-id=\"a7a9181\" data-element_type=\"column\">\n\t\t\t<div class=\"elementor-widget-wrap elementor-element-populated\">\n\t\t\t\t\t\t<div class=\"elementor-element elementor-element-78ade99 elementor-widget elementor-widget-cz_image\" data-id=\"78ade99\" data-element_type=\"widget\" data-widget_type=\"cz_image.default\">\n\t\t\t\t<div class=\"elementor-widget-container\">\n\t\t\t\t\t\r\n\t\t<div class=\"cz_image clr cz_image_no_fx center_on_mobile\" data-position=\"\">\r\n\r\n\t\t\t<div>\r\n\r\n\t\t\t\t<div class=\"cz_image_in\">\r\n\r\n\t\t\t\t\t<div class=\"cz_main_image\"><img decoding=\"async\" width=\"500\" height=\"680\" src=\"https:\/\/locationmaroc.net\/wp-content\/uploads\/2025\/11\/agence-location-voiture-agadir-locationauto-maroc.jpg\" class=\"attachment-full size-full wp-image-1870\" alt=\"alquiler de coches en Agadir, alquiler de coches en Marruecos\" srcset=\"https:\/\/locationmaroc.net\/wp-content\/uploads\/2025\/11\/agence-location-voiture-agadir-locationauto-maroc.jpg 500w, https:\/\/locationmaroc.net\/wp-content\/uploads\/2025\/11\/agence-location-voiture-agadir-locationauto-maroc-221x300.jpg 221w\" sizes=\"(max-width: 500px) 100vw, 500px\" \/><\/div>\r\n\r\n\t\t\t\t\t<div class=\"cz_hover_image\"><img decoding=\"async\" width=\"500\" height=\"680\" src=\"https:\/\/locationmaroc.net\/wp-content\/uploads\/2025\/11\/agence-location-voiture-agadir-locationauto-maroc.jpg\" class=\"attachment-full size-full wp-image-1870\" alt=\"alquiler de coches en Agadir, alquiler de coches en Marruecos\" srcset=\"https:\/\/locationmaroc.net\/wp-content\/uploads\/2025\/11\/agence-location-voiture-agadir-locationauto-maroc.jpg 500w, https:\/\/locationmaroc.net\/wp-content\/uploads\/2025\/11\/agence-location-voiture-agadir-locationauto-maroc-221x300.jpg 221w\" sizes=\"(max-width: 500px) 100vw, 500px\" \/><\/div>\r\n\t\t\t\t<\/div>\r\n\r\n\t\t\t\t\r\n\t\t\t<\/div>\r\n\r\n\t\t<\/div>\r\n\r\n\t\t\t\t\t<\/div>\n\t\t\t\t<\/div>\n\t\t\t\t\t<\/div>\n\t\t<\/div>\n\t\t\t\t\t<\/div>\n\t\t<\/section>\n\t\t\t\t<section class=\"elementor-section elementor-top-section elementor-element elementor-element-5d84bd1 elementor-section-boxed elementor-section-height-default elementor-section-height-default\" data-id=\"5d84bd1\" data-element_type=\"section\">\n\t\t\t\t\t\t<div class=\"elementor-container elementor-column-gap-default\">\n\t\t\t\t\t<div class=\"elementor-column elementor-col-100 elementor-top-column elementor-element elementor-element-46f8a6e\" data-id=\"46f8a6e\" data-element_type=\"column\">\n\t\t\t<div class=\"elementor-widget-wrap elementor-element-populated\">\n\t\t\t\t\t\t<div class=\"elementor-element elementor-element-9845df4 elementor-widget elementor-widget-spacer\" data-id=\"9845df4\" data-element_type=\"widget\" data-widget_type=\"spacer.default\">\n\t\t\t\t\t\t\t<div class=\"elementor-spacer\">\n\t\t\t<div class=\"elementor-spacer-inner\"><\/div>\n\t\t<\/div>\n\t\t\t\t\t\t<\/div>\n\t\t\t\t\t<\/div>\n\t\t<\/div>\n\t\t\t\t\t<\/div>\n\t\t<\/section>\n\t\t\t\t<\/div>","protected":false},"excerpt":{"rendered":"<p>Location Auto Maroc Agence de Location de Voiture \u00e0 Agadir location &#8230; <\/p>","protected":false},"author":1,"featured_media":0,"parent":0,"menu_order":0,"comment_status":"closed","ping_status":"closed","template":"","meta":{"footnotes":""},"class_list":["post-1867","page","type-page","status-publish","hentry"],"_links":{"self":[{"href":"https:\/\/locationmaroc.net\/es\/wp-json\/wp\/v2\/pages\/1867","targetHints":{"allow":["GET"]}}],"collection":[{"href":"https:\/\/locationmaroc.net\/es\/wp-json\/wp\/v2\/pages"}],"about":[{"href":"https:\/\/locationmaroc.net\/es\/wp-json\/wp\/v2\/types\/page"}],"author":[{"embeddable":true,"href":"https:\/\/locationmaroc.net\/es\/wp-json\/wp\/v2\/users\/1"}],"replies":[{"embeddable":true,"href":"https:\/\/locationmaroc.net\/es\/wp-json\/wp\/v2\/comments?post=1867"}],"version-history":[{"count":7,"href":"https:\/\/locationmaroc.net\/es\/wp-json\/wp\/v2\/pages\/1867\/revisions"}],"predecessor-version":[{"id":1876,"href":"https:\/\/locationmaroc.net\/es\/wp-json\/wp\/v2\/pages\/1867\/revisions\/1876"}],"wp:attachment":[{"href":"https:\/\/locationmaroc.net\/es\/wp-json\/wp\/v2\/media?parent=1867"}],"curies":[{"name":"wp","href":"https:\/\/api.w.org\/{rel}","templated":true}]}}