{"id":1877,"date":"2025-11-13T08:58:44","date_gmt":"2025-11-13T08:58:44","guid":{"rendered":"https:\/\/locationmaroc.net\/?page_id=1877"},"modified":"2025-11-14T14:28:07","modified_gmt":"2025-11-14T14:28:07","slug":"agencia-de-alquiler-de-coches-en-fez-marruecos","status":"publish","type":"page","link":"https:\/\/locationmaroc.net\/es\/agencia-de-alquiler-de-coches-en-fez-marruecos\/","title":{"rendered":"Fez"},"content":{"rendered":"<div data-elementor-type=\"wp-page\" data-elementor-id=\"1877\" class=\"elementor elementor-1877\">\n\t\t\t\t\t\t<section class=\"elementor-section elementor-top-section elementor-element elementor-element-3e9416c elementor-section-stretched elementor-section-boxed elementor-section-height-default elementor-section-height-default\" data-id=\"3e9416c\" data-element_type=\"section\" data-settings=\"{&quot;stretch_section&quot;:&quot;section-stretched&quot;,&quot;background_background&quot;:&quot;classic&quot;}\">\n\t\t\t\t\t\t<div class=\"elementor-container elementor-column-gap-default\">\n\t\t\t\t\t<div class=\"elementor-column elementor-col-100 elementor-top-column elementor-element elementor-element-84981cf\" data-id=\"84981cf\" data-element_type=\"column\">\n\t\t\t<div class=\"elementor-widget-wrap elementor-element-populated\">\n\t\t\t\t\t\t<div class=\"elementor-element elementor-element-cae8838 elementor-widget elementor-widget-cz_title\" data-id=\"cae8838\" data-element_type=\"widget\" data-widget_type=\"cz_title.default\">\n\t\t\t\t<div class=\"elementor-widget-container\">\n\t\t\t\t\t\t\r\n\t\t<div>\r\n\t\t\t<div class=\"cz_title clr cz_mobile_text_center cz_title_pos_inline tac\"><div class=\"cz_title_shape shape_square cz_shape_1\"><\/div><div class=\"cz_title_shape shape_square cz_shape_2\"><\/div><div class=\"cz_title_content\"><div class=\"cz_wpe_content\"><h3 style=\"text-align: center;\"><span style=\"font-weight: 300; color: #ffffff;\">Alquiler de coches en Marruecos<\/span><\/h3>\n<h2 style=\"text-align: center;\"><span style=\"color: #ffffff; font-weight: bold;\">Agencia de alquiler de coches en Fez<\/span><\/h2><\/div><\/div><\/div>\r\n\t\t<\/div>\r\n\t\t\r\n\t\t\t\t\t\t<\/div>\n\t\t\t\t<\/div>\n\t\t\t\t<section class=\"elementor-section elementor-inner-section elementor-element elementor-element-e716e90 elementor-section-boxed elementor-section-height-default elementor-section-height-default\" data-id=\"e716e90\" data-element_type=\"section\">\n\t\t\t\t\t\t<div class=\"elementor-container elementor-column-gap-default\">\n\t\t\t\t\t<div class=\"elementor-column elementor-col-100 elementor-inner-column elementor-element elementor-element-baf0686\" data-id=\"baf0686\" data-element_type=\"column\">\n\t\t\t<div class=\"elementor-widget-wrap elementor-element-populated\">\n\t\t\t\t\t\t<div class=\"elementor-element elementor-element-22f62b9 elementor-widget elementor-widget-cz_title\" data-id=\"22f62b9\" data-element_type=\"widget\" data-widget_type=\"cz_title.default\">\n\t\t\t\t<div class=\"elementor-widget-container\">\n\t\t\t\t\t\t\r\n\t\t<div>\r\n\t\t\t<div class=\"cz_title clr cz_mobile_text_center cz_title_pos_inline tac\"><div class=\"cz_title_content\"><div class=\"cz_wpe_content\"><p style=\"text-align: center;\"><span style=\"color: #ffffff;\"><span style=\"font-size: 18px;\">Alquiler de coches en Agadir. Viaja con total libertad con Location Auto Maroc, tu socio de confianza para el alquiler de coches en Fez. Descubre la ciudad imperial y sus maravillas hist\u00f3ricas a tu ritmo, gracias a un servicio de alquiler sencillo, r\u00e1pido y econ\u00f3mico. <\/span><\/span><\/p><\/div><\/div><\/div>\r\n\t\t<\/div>\r\n\t\t\r\n\t\t\t\t\t\t<\/div>\n\t\t\t\t<\/div>\n\t\t\t\t<div class=\"elementor-element elementor-element-5b29a14 elementor-widget elementor-widget-cz_attribute_box\" data-id=\"5b29a14\" data-element_type=\"widget\" data-widget_type=\"cz_attribute_box.default\">\n\t\t\t\t<div class=\"elementor-widget-container\">\n\t\t\t\t\t<div class=\"xtra-attribute-box cz_svg_bg clr\"><div><div class=\"xtra-attribute-box-item elementor-repeater-item-63be85c\"><p><span style=\"font-size: 12px;\">Horario de atenci\u00f3n<br \/><\/span><\/p><h5>24\/7<\/h5><\/div><div class=\"xtra-attribute-box-item elementor-repeater-item-fcf9f18\"><span style=\"font-size: 12px;\">Semejante<\/span>\n<h5>Tel\u00e9fono: +212 6 000 75 444\n<\/h5><\/div><div class=\"xtra-attribute-box-item elementor-repeater-item-2ef1b76\"><span style=\"font-size: 12px;\">Correo electr\u00f3nico<\/span>\n<h5>Fes@<\/h5><\/div><a ><\/a><\/div><\/div>\t\t\t\t<\/div>\n\t\t\t\t<\/div>\n\t\t\t\t\t<\/div>\n\t\t<\/div>\n\t\t\t\t\t<\/div>\n\t\t<\/section>\n\t\t\t\t\t<\/div>\n\t\t<\/div>\n\t\t\t\t\t<\/div>\n\t\t<\/section>\n\t\t\t\t<section class=\"elementor-section elementor-top-section elementor-element elementor-element-511057a elementor-section-boxed elementor-section-height-default elementor-section-height-default\" data-id=\"511057a\" data-element_type=\"section\">\n\t\t\t\t\t\t<div class=\"elementor-container elementor-column-gap-default\">\n\t\t\t\t\t<div class=\"elementor-column elementor-col-50 elementor-top-column elementor-element elementor-element-5162d30\" data-id=\"5162d30\" data-element_type=\"column\">\n\t\t\t<div class=\"elementor-widget-wrap elementor-element-populated\">\n\t\t\t\t\t\t<div class=\"elementor-element elementor-element-f8ec630 elementor-widget elementor-widget-cz_image\" data-id=\"f8ec630\" data-element_type=\"widget\" data-widget_type=\"cz_image.default\">\n\t\t\t\t<div class=\"elementor-widget-container\">\n\t\t\t\t\t\r\n\t\t<div class=\"cz_image clr cz_image_no_fx center_on_mobile\" data-position=\"\">\r\n\r\n\t\t\t<div>\r\n\r\n\t\t\t\t<div class=\"cz_image_in\">\r\n\r\n\t\t\t\t\t<div class=\"cz_main_image\"><img fetchpriority=\"high\" decoding=\"async\" width=\"500\" height=\"680\" src=\"https:\/\/locationmaroc.net\/wp-content\/uploads\/2025\/11\/Fes-city-min.jpg\" class=\"attachment-full size-full wp-image-1660\" alt=\"\" srcset=\"https:\/\/locationmaroc.net\/wp-content\/uploads\/2025\/11\/Fes-city-min.jpg 500w, https:\/\/locationmaroc.net\/wp-content\/uploads\/2025\/11\/Fes-city-min-221x300.jpg 221w\" sizes=\"(max-width: 500px) 100vw, 500px\" \/><\/div>\r\n\r\n\t\t\t\t\t<div class=\"cz_hover_image\"><img fetchpriority=\"high\" decoding=\"async\" width=\"500\" height=\"680\" src=\"https:\/\/locationmaroc.net\/wp-content\/uploads\/2025\/11\/Fes-city-min.jpg\" class=\"attachment-full size-full wp-image-1660\" alt=\"\" srcset=\"https:\/\/locationmaroc.net\/wp-content\/uploads\/2025\/11\/Fes-city-min.jpg 500w, https:\/\/locationmaroc.net\/wp-content\/uploads\/2025\/11\/Fes-city-min-221x300.jpg 221w\" sizes=\"(max-width: 500px) 100vw, 500px\" \/><\/div>\r\n\t\t\t\t<\/div>\r\n\r\n\t\t\t\t\r\n\t\t\t<\/div>\r\n\r\n\t\t<\/div>\r\n\r\n\t\t\t\t\t<\/div>\n\t\t\t\t<\/div>\n\t\t\t\t\t<\/div>\n\t\t<\/div>\n\t\t\t\t<div class=\"elementor-column elementor-col-50 elementor-top-column elementor-element elementor-element-ce2403b\" data-id=\"ce2403b\" data-element_type=\"column\">\n\t\t\t<div class=\"elementor-widget-wrap elementor-element-populated\">\n\t\t\t\t\t\t<div class=\"elementor-element elementor-element-07fcd44 elementor-widget elementor-widget-cz_title\" data-id=\"07fcd44\" data-element_type=\"widget\" data-widget_type=\"cz_title.default\">\n\t\t\t\t<div class=\"elementor-widget-container\">\n\t\t\t\t\t\t\r\n\t\t<div>\r\n\t\t\t<div class=\"cz_title clr cz_mobile_text_center cz_title_pos_inline\"><div class=\"cz_title_shape shape_square cz_shape_1\"><\/div><div class=\"cz_title_shape shape_square cz_shape_2\"><\/div><div class=\"cz_title_content\"><div class=\"cz_wpe_content\"><h2><span style=\"font-weight: bold;\">Tu agencia de alquiler de coches en el centro de Fez <\/span><\/h2><\/div><\/div><\/div>\r\n\t\t<\/div>\r\n\t\t\r\n\t\t\t\t\t\t<\/div>\n\t\t\t\t<\/div>\n\t\t\t\t<div class=\"elementor-element elementor-element-a94fcd7 elementor-widget elementor-widget-cz_title\" data-id=\"a94fcd7\" data-element_type=\"widget\" data-widget_type=\"cz_title.default\">\n\t\t\t\t<div class=\"elementor-widget-container\">\n\t\t\t\t\t\t\r\n\t\t<div>\r\n\t\t\t<div class=\"cz_title clr cz_mobile_text_center cz_title_pos_inline\"><div class=\"cz_title_content\"><div class=\"cz_wpe_content\"><p>Ubicada en el coraz\u00f3n de la ciudad, Location Auto Maroc \u2013 F\u00e8s Centre-Ville ofrece una amplia flota de veh\u00edculos recientes, c\u00f3modos y bien mantenidos, adecuados para todas las necesidades:<\/p><ul><li>Coches urbanos econ\u00f3micos: ideales para moverse por la medina y sus estrechas callejuelas.<\/li><li>SUV y 4x4: perfectos para escapadas a las monta\u00f1as del Atlas Medio.<\/li><li>Veh\u00edculos familiares y minibuses: para viajar juntos con total comodidad.<\/li><li>Veh\u00edculos utilitarios: para sus necesidades de transporte profesional.<\/li><\/ul><p>Nuestros veh\u00edculos cuentan con aire acondicionado, seguro y mantenimiento regular para garantizar su seguridad y comodidad durante toda su estancia.<\/p><\/div><\/div><\/div>\r\n\t\t<\/div>\r\n\t\t\r\n\t\t\t\t\t\t<\/div>\n\t\t\t\t<\/div>\n\t\t\t\t\t<\/div>\n\t\t<\/div>\n\t\t\t\t\t<\/div>\n\t\t<\/section>\n\t\t\t\t<section class=\"elementor-section elementor-top-section elementor-element elementor-element-b179725 elementor-section-boxed elementor-section-height-default elementor-section-height-default\" data-id=\"b179725\" data-element_type=\"section\">\n\t\t\t\t\t\t<div class=\"elementor-container elementor-column-gap-default\">\n\t\t\t\t\t<div class=\"elementor-column elementor-col-50 elementor-top-column elementor-element elementor-element-16715bd\" data-id=\"16715bd\" data-element_type=\"column\">\n\t\t\t<div class=\"elementor-widget-wrap elementor-element-populated\">\n\t\t\t\t\t\t<div class=\"elementor-element elementor-element-1b565fc elementor-widget elementor-widget-cz_title\" data-id=\"1b565fc\" data-element_type=\"widget\" data-widget_type=\"cz_title.default\">\n\t\t\t\t<div class=\"elementor-widget-container\">\n\t\t\t\t\t\t\r\n\t\t<div>\r\n\t\t\t<div class=\"cz_title clr cz_mobile_text_center cz_title_pos_inline\"><div class=\"cz_title_shape shape_square cz_shape_1\"><\/div><div class=\"cz_title_shape shape_square cz_shape_2\"><\/div><div class=\"cz_title_content\"><div class=\"cz_wpe_content\"><h2><span style=\"font-weight: bold;\">Explora Fez y sus alrededores a tu propio ritmo. <\/span><\/h2><\/div><\/div><\/div>\r\n\t\t<\/div>\r\n\t\t\r\n\t\t\t\t\t\t<\/div>\n\t\t\t\t<\/div>\n\t\t\t\t<div class=\"elementor-element elementor-element-891d02a elementor-widget elementor-widget-cz_title\" data-id=\"891d02a\" data-element_type=\"widget\" data-widget_type=\"cz_title.default\">\n\t\t\t\t<div class=\"elementor-widget-container\">\n\t\t\t\t\t\t\r\n\t\t<div>\r\n\t\t\t<div class=\"cz_title clr cz_mobile_text_center cz_title_pos_inline\"><div class=\"cz_title_content\"><div class=\"cz_wpe_content\"><p>Fez, la capital espiritual de Marruecos, es un aut\u00e9ntico museo al aire libre. Con tu coche de alquiler, explora sus tesoros culturales y los paisajes que la rodean a tu propio ritmo.<\/p><ul><li>La medina de Fez El Bali \u2013 Patrimonio de la Humanidad de la UNESCO.<\/li><li>La Mezquita Karaouiyine \u2013 una de las universidades m\u00e1s antiguas del mundo.<\/li><li>Las curtidur\u00edas de Chouara: un espect\u00e1culo \u00fanico de colores y saber hacer.<\/li><li>Ifrane y Azrou \u2013 a menos de 90 minutos, un cambio de aires total en plena naturaleza.<\/li><li>Los manantiales de A\u00efn Vittel y las monta\u00f1as del Atlas Medio: ideales para una excursi\u00f3n.<\/li><\/ul><p>Con Location Auto Maroc, usted es libre de viajar a su propio ritmo y descubrir las riquezas del norte y centro de Marruecos.<\/p><\/div><\/div><\/div>\r\n\t\t<\/div>\r\n\t\t\r\n\t\t\t\t\t\t<\/div>\n\t\t\t\t<\/div>\n\t\t\t\t\t<\/div>\n\t\t<\/div>\n\t\t\t\t<div class=\"elementor-column elementor-col-50 elementor-top-column elementor-element elementor-element-a7a9181\" data-id=\"a7a9181\" data-element_type=\"column\">\n\t\t\t<div class=\"elementor-widget-wrap elementor-element-populated\">\n\t\t\t\t\t\t<div class=\"elementor-element elementor-element-78ade99 elementor-widget elementor-widget-cz_image\" data-id=\"78ade99\" data-element_type=\"widget\" data-widget_type=\"cz_image.default\">\n\t\t\t\t<div class=\"elementor-widget-container\">\n\t\t\t\t\t\r\n\t\t<div class=\"cz_image clr cz_image_no_fx center_on_mobile\" data-position=\"\">\r\n\r\n\t\t\t<div>\r\n\r\n\t\t\t\t<div class=\"cz_image_in\">\r\n\r\n\t\t\t\t\t<div class=\"cz_main_image\"><img decoding=\"async\" width=\"500\" height=\"680\" src=\"https:\/\/locationmaroc.net\/wp-content\/uploads\/2025\/11\/agence-location-voiture-fes-locationauto-maroc.jpg\" class=\"attachment-full size-full wp-image-1880\" alt=\"agencia de alquiler de coches en Fez, alquiler de coches en Marruecos\" srcset=\"https:\/\/locationmaroc.net\/wp-content\/uploads\/2025\/11\/agence-location-voiture-fes-locationauto-maroc.jpg 500w, https:\/\/locationmaroc.net\/wp-content\/uploads\/2025\/11\/agence-location-voiture-fes-locationauto-maroc-221x300.jpg 221w\" sizes=\"(max-width: 500px) 100vw, 500px\" \/><\/div>\r\n\r\n\t\t\t\t\t<div class=\"cz_hover_image\"><img decoding=\"async\" width=\"500\" height=\"680\" src=\"https:\/\/locationmaroc.net\/wp-content\/uploads\/2025\/11\/agence-location-voiture-fes-locationauto-maroc.jpg\" class=\"attachment-full size-full wp-image-1880\" alt=\"agencia de alquiler de coches en Fez, alquiler de coches en Marruecos\" srcset=\"https:\/\/locationmaroc.net\/wp-content\/uploads\/2025\/11\/agence-location-voiture-fes-locationauto-maroc.jpg 500w, https:\/\/locationmaroc.net\/wp-content\/uploads\/2025\/11\/agence-location-voiture-fes-locationauto-maroc-221x300.jpg 221w\" sizes=\"(max-width: 500px) 100vw, 500px\" \/><\/div>\r\n\t\t\t\t<\/div>\r\n\r\n\t\t\t\t\r\n\t\t\t<\/div>\r\n\r\n\t\t<\/div>\r\n\r\n\t\t\t\t\t<\/div>\n\t\t\t\t<\/div>\n\t\t\t\t\t<\/div>\n\t\t<\/div>\n\t\t\t\t\t<\/div>\n\t\t<\/section>\n\t\t\t\t<section class=\"elementor-section elementor-top-section elementor-element elementor-element-5d84bd1 elementor-section-boxed elementor-section-height-default elementor-section-height-default\" data-id=\"5d84bd1\" data-element_type=\"section\">\n\t\t\t\t\t\t<div class=\"elementor-container elementor-column-gap-default\">\n\t\t\t\t\t<div class=\"elementor-column elementor-col-100 elementor-top-column elementor-element elementor-element-46f8a6e\" data-id=\"46f8a6e\" data-element_type=\"column\">\n\t\t\t<div class=\"elementor-widget-wrap elementor-element-populated\">\n\t\t\t\t\t\t<div class=\"elementor-element elementor-element-9845df4 elementor-widget elementor-widget-spacer\" data-id=\"9845df4\" data-element_type=\"widget\" data-widget_type=\"spacer.default\">\n\t\t\t\t\t\t\t<div class=\"elementor-spacer\">\n\t\t\t<div class=\"elementor-spacer-inner\"><\/div>\n\t\t<\/div>\n\t\t\t\t\t\t<\/div>\n\t\t\t\t\t<\/div>\n\t\t<\/div>\n\t\t\t\t\t<\/div>\n\t\t<\/section>\n\t\t\t\t<\/div>","protected":false},"excerpt":{"rendered":"<p>Location Auto Maroc Agence de Location de Voiture \u00e0 F\u00e8s location &#8230; <\/p>","protected":false},"author":1,"featured_media":0,"parent":0,"menu_order":0,"comment_status":"closed","ping_status":"closed","template":"","meta":{"footnotes":""},"class_list":["post-1877","page","type-page","status-publish","hentry"],"_links":{"self":[{"href":"https:\/\/locationmaroc.net\/es\/wp-json\/wp\/v2\/pages\/1877","targetHints":{"allow":["GET"]}}],"collection":[{"href":"https:\/\/locationmaroc.net\/es\/wp-json\/wp\/v2\/pages"}],"about":[{"href":"https:\/\/locationmaroc.net\/es\/wp-json\/wp\/v2\/types\/page"}],"author":[{"embeddable":true,"href":"https:\/\/locationmaroc.net\/es\/wp-json\/wp\/v2\/users\/1"}],"replies":[{"embeddable":true,"href":"https:\/\/locationmaroc.net\/es\/wp-json\/wp\/v2\/comments?post=1877"}],"version-history":[{"count":4,"href":"https:\/\/locationmaroc.net\/es\/wp-json\/wp\/v2\/pages\/1877\/revisions"}],"predecessor-version":[{"id":1883,"href":"https:\/\/locationmaroc.net\/es\/wp-json\/wp\/v2\/pages\/1877\/revisions\/1883"}],"wp:attachment":[{"href":"https:\/\/locationmaroc.net\/es\/wp-json\/wp\/v2\/media?parent=1877"}],"curies":[{"name":"wp","href":"https:\/\/api.w.org\/{rel}","templated":true}]}}