{"id":1884,"date":"2025-11-13T09:04:07","date_gmt":"2025-11-13T09:04:07","guid":{"rendered":"https:\/\/locationmaroc.net\/?page_id=1884"},"modified":"2025-11-14T14:30:50","modified_gmt":"2025-11-14T14:30:50","slug":"agencia-de-alquiler-de-coches-en-tanger-alquiler-de-coches-en-marruecos","status":"publish","type":"page","link":"https:\/\/locationmaroc.net\/es\/agencia-de-alquiler-de-coches-en-tanger-alquiler-de-coches-en-marruecos\/","title":{"rendered":"T\u00e1nger"},"content":{"rendered":"<div data-elementor-type=\"wp-page\" data-elementor-id=\"1884\" class=\"elementor elementor-1884\">\n\t\t\t\t\t\t<section class=\"elementor-section elementor-top-section elementor-element elementor-element-3e9416c elementor-section-stretched elementor-section-boxed elementor-section-height-default elementor-section-height-default\" data-id=\"3e9416c\" data-element_type=\"section\" data-settings=\"{&quot;stretch_section&quot;:&quot;section-stretched&quot;,&quot;background_background&quot;:&quot;classic&quot;}\">\n\t\t\t\t\t\t<div class=\"elementor-container elementor-column-gap-default\">\n\t\t\t\t\t<div class=\"elementor-column elementor-col-100 elementor-top-column elementor-element elementor-element-84981cf\" data-id=\"84981cf\" data-element_type=\"column\">\n\t\t\t<div class=\"elementor-widget-wrap elementor-element-populated\">\n\t\t\t\t\t\t<div class=\"elementor-element elementor-element-cae8838 elementor-widget elementor-widget-cz_title\" data-id=\"cae8838\" data-element_type=\"widget\" data-widget_type=\"cz_title.default\">\n\t\t\t\t<div class=\"elementor-widget-container\">\n\t\t\t\t\t\t\r\n\t\t<div>\r\n\t\t\t<div class=\"cz_title clr cz_mobile_text_center cz_title_pos_inline tac\"><div class=\"cz_title_shape shape_square cz_shape_1\"><\/div><div class=\"cz_title_shape shape_square cz_shape_2\"><\/div><div class=\"cz_title_content\"><div class=\"cz_wpe_content\"><h3 style=\"text-align: center;\"><span style=\"font-weight: 300; color: #ffffff;\">Alquiler de coches en Marruecos<\/span><\/h3>\n<h2 style=\"text-align: center;\"><span style=\"color: #ffffff; font-weight: bold;\">Agencia de alquiler de coches en T\u00e1nger<\/span><\/h2><\/div><\/div><\/div>\r\n\t\t<\/div>\r\n\t\t\r\n\t\t\t\t\t\t<\/div>\n\t\t\t\t<\/div>\n\t\t\t\t<section class=\"elementor-section elementor-inner-section elementor-element elementor-element-e716e90 elementor-section-boxed elementor-section-height-default elementor-section-height-default\" data-id=\"e716e90\" data-element_type=\"section\">\n\t\t\t\t\t\t<div class=\"elementor-container elementor-column-gap-default\">\n\t\t\t\t\t<div class=\"elementor-column elementor-col-100 elementor-inner-column elementor-element elementor-element-baf0686\" data-id=\"baf0686\" data-element_type=\"column\">\n\t\t\t<div class=\"elementor-widget-wrap elementor-element-populated\">\n\t\t\t\t\t\t<div class=\"elementor-element elementor-element-22f62b9 elementor-widget elementor-widget-cz_title\" data-id=\"22f62b9\" data-element_type=\"widget\" data-widget_type=\"cz_title.default\">\n\t\t\t\t<div class=\"elementor-widget-container\">\n\t\t\t\t\t\t\r\n\t\t<div>\r\n\t\t\t<div class=\"cz_title clr cz_mobile_text_center cz_title_pos_inline tac\"><div class=\"cz_title_content\"><div class=\"cz_wpe_content\"><p style=\"text-align: center;\"><span style=\"color: #ffffff;\"><span style=\"font-size: 18px;\">Descubre T\u00e1nger a tu ritmo con Location Auto Maroc, tu socio de confianza para el alquiler de coches en T\u00e1nger. Tanto si viajas por negocios, placer o simplemente est\u00e1s de paso por el norte de Marruecos, disfruta de un servicio profesional, r\u00e1pido y asequible para explorar esta ciudad enclavada entre el mar y la monta\u00f1a. <\/span><\/span><\/p><\/div><\/div><\/div>\r\n\t\t<\/div>\r\n\t\t\r\n\t\t\t\t\t\t<\/div>\n\t\t\t\t<\/div>\n\t\t\t\t<div class=\"elementor-element elementor-element-5b29a14 elementor-widget elementor-widget-cz_attribute_box\" data-id=\"5b29a14\" data-element_type=\"widget\" data-widget_type=\"cz_attribute_box.default\">\n\t\t\t\t<div class=\"elementor-widget-container\">\n\t\t\t\t\t<div class=\"xtra-attribute-box cz_svg_bg clr\"><div><div class=\"xtra-attribute-box-item elementor-repeater-item-63be85c\"><p><span style=\"font-size: 12px;\">Horario de atenci\u00f3n<br \/><\/span><\/p><h5>24\/7<\/h5><\/div><div class=\"xtra-attribute-box-item elementor-repeater-item-fcf9f18\"><span style=\"font-size: 12px;\">Semejante<\/span>\n<h5>Tel\u00e9fono: +212 6 000 78 444\n<\/h5><\/div><div class=\"xtra-attribute-box-item elementor-repeater-item-2ef1b76\"><span style=\"font-size: 12px;\">Correo electr\u00f3nico<\/span>\n<h5>T\u00e1nger@<\/h5><\/div><a ><\/a><\/div><\/div>\t\t\t\t<\/div>\n\t\t\t\t<\/div>\n\t\t\t\t\t<\/div>\n\t\t<\/div>\n\t\t\t\t\t<\/div>\n\t\t<\/section>\n\t\t\t\t\t<\/div>\n\t\t<\/div>\n\t\t\t\t\t<\/div>\n\t\t<\/section>\n\t\t\t\t<section class=\"elementor-section elementor-top-section elementor-element elementor-element-511057a elementor-section-boxed elementor-section-height-default elementor-section-height-default\" data-id=\"511057a\" data-element_type=\"section\">\n\t\t\t\t\t\t<div class=\"elementor-container elementor-column-gap-default\">\n\t\t\t\t\t<div class=\"elementor-column elementor-col-50 elementor-top-column elementor-element elementor-element-5162d30\" data-id=\"5162d30\" data-element_type=\"column\">\n\t\t\t<div class=\"elementor-widget-wrap elementor-element-populated\">\n\t\t\t\t\t\t<div class=\"elementor-element elementor-element-f8ec630 elementor-widget elementor-widget-cz_image\" data-id=\"f8ec630\" data-element_type=\"widget\" data-widget_type=\"cz_image.default\">\n\t\t\t\t<div class=\"elementor-widget-container\">\n\t\t\t\t\t\r\n\t\t<div class=\"cz_image clr cz_image_no_fx center_on_mobile\" data-position=\"\">\r\n\r\n\t\t\t<div>\r\n\r\n\t\t\t\t<div class=\"cz_image_in\">\r\n\r\n\t\t\t\t\t<div class=\"cz_main_image\"><img fetchpriority=\"high\" decoding=\"async\" width=\"500\" height=\"680\" src=\"https:\/\/locationmaroc.net\/wp-content\/uploads\/2025\/11\/agence-location-voiture-tanger-locationauto-maroc.jpg\" class=\"attachment-full size-full wp-image-1887\" alt=\"\" srcset=\"https:\/\/locationmaroc.net\/wp-content\/uploads\/2025\/11\/agence-location-voiture-tanger-locationauto-maroc.jpg 500w, https:\/\/locationmaroc.net\/wp-content\/uploads\/2025\/11\/agence-location-voiture-tanger-locationauto-maroc-221x300.jpg 221w\" sizes=\"(max-width: 500px) 100vw, 500px\" \/><\/div>\r\n\r\n\t\t\t\t\t<div class=\"cz_hover_image\"><img fetchpriority=\"high\" decoding=\"async\" width=\"500\" height=\"680\" src=\"https:\/\/locationmaroc.net\/wp-content\/uploads\/2025\/11\/agence-location-voiture-tanger-locationauto-maroc.jpg\" class=\"attachment-full size-full wp-image-1887\" alt=\"\" srcset=\"https:\/\/locationmaroc.net\/wp-content\/uploads\/2025\/11\/agence-location-voiture-tanger-locationauto-maroc.jpg 500w, https:\/\/locationmaroc.net\/wp-content\/uploads\/2025\/11\/agence-location-voiture-tanger-locationauto-maroc-221x300.jpg 221w\" sizes=\"(max-width: 500px) 100vw, 500px\" \/><\/div>\r\n\t\t\t\t<\/div>\r\n\r\n\t\t\t\t\r\n\t\t\t<\/div>\r\n\r\n\t\t<\/div>\r\n\r\n\t\t\t\t\t<\/div>\n\t\t\t\t<\/div>\n\t\t\t\t\t<\/div>\n\t\t<\/div>\n\t\t\t\t<div class=\"elementor-column elementor-col-50 elementor-top-column elementor-element elementor-element-ce2403b\" data-id=\"ce2403b\" data-element_type=\"column\">\n\t\t\t<div class=\"elementor-widget-wrap elementor-element-populated\">\n\t\t\t\t\t\t<div class=\"elementor-element elementor-element-07fcd44 elementor-widget elementor-widget-cz_title\" data-id=\"07fcd44\" data-element_type=\"widget\" data-widget_type=\"cz_title.default\">\n\t\t\t\t<div class=\"elementor-widget-container\">\n\t\t\t\t\t\t\r\n\t\t<div>\r\n\t\t\t<div class=\"cz_title clr cz_mobile_text_center cz_title_pos_inline\"><div class=\"cz_title_shape shape_square cz_shape_1\"><\/div><div class=\"cz_title_shape shape_square cz_shape_2\"><\/div><div class=\"cz_title_content\"><div class=\"cz_wpe_content\"><h2><span style=\"font-weight: bold;\">Tu agencia de alquiler de coches en el centro de T\u00e1nger <\/span><\/h2><\/div><\/div><\/div>\r\n\t\t<\/div>\r\n\t\t\r\n\t\t\t\t\t\t<\/div>\n\t\t\t\t<\/div>\n\t\t\t\t<div class=\"elementor-element elementor-element-a94fcd7 elementor-widget elementor-widget-cz_title\" data-id=\"a94fcd7\" data-element_type=\"widget\" data-widget_type=\"cz_title.default\">\n\t\t\t\t<div class=\"elementor-widget-container\">\n\t\t\t\t\t\t\r\n\t\t<div>\r\n\t\t\t<div class=\"cz_title clr cz_mobile_text_center cz_title_pos_inline\"><div class=\"cz_title_content\"><div class=\"cz_wpe_content\"><p>Nuestra agencia de alquiler de coches en T\u00e1nger, Marruecos, le da la bienvenida cada d\u00eda para ofrecerle una experiencia de alquiler sencilla y agradable.<br \/>Ofrecemos una amplia gama de veh\u00edculos recientes y en buen estado, adecuados para todas las necesidades y presupuestos.<\/p><ul><li>Coches urbanos econ\u00f3micos, para una conducci\u00f3n f\u00e1cil en el centro de la ciudad y un aparcamiento sin complicaciones.<\/li><li>Sedanes c\u00f3modos, ideales para viajes de negocios o largos trayectos.<\/li><li>SUV y 4x4, perfectos para explorar las carreteras costeras y las monta\u00f1as del Rif.<\/li><li>Veh\u00edculos familiares y utilitarios, dise\u00f1ados para viajes en grupo o para el transporte de equipos.<\/li><\/ul><p>Todos nuestros veh\u00edculos cuentan con aire acondicionado, seguro y mantenimiento regular para garantizar su seguridad y comodidad.<\/p><\/div><\/div><\/div>\r\n\t\t<\/div>\r\n\t\t\r\n\t\t\t\t\t\t<\/div>\n\t\t\t\t<\/div>\n\t\t\t\t\t<\/div>\n\t\t<\/div>\n\t\t\t\t\t<\/div>\n\t\t<\/section>\n\t\t\t\t<section class=\"elementor-section elementor-top-section elementor-element elementor-element-b179725 elementor-section-boxed elementor-section-height-default elementor-section-height-default\" data-id=\"b179725\" data-element_type=\"section\">\n\t\t\t\t\t\t<div class=\"elementor-container elementor-column-gap-default\">\n\t\t\t\t\t<div class=\"elementor-column elementor-col-50 elementor-top-column elementor-element elementor-element-16715bd\" data-id=\"16715bd\" data-element_type=\"column\">\n\t\t\t<div class=\"elementor-widget-wrap elementor-element-populated\">\n\t\t\t\t\t\t<div class=\"elementor-element elementor-element-1b565fc elementor-widget elementor-widget-cz_title\" data-id=\"1b565fc\" data-element_type=\"widget\" data-widget_type=\"cz_title.default\">\n\t\t\t\t<div class=\"elementor-widget-container\">\n\t\t\t\t\t\t\r\n\t\t<div>\r\n\t\t\t<div class=\"cz_title clr cz_mobile_text_center cz_title_pos_inline\"><div class=\"cz_title_shape shape_square cz_shape_1\"><\/div><div class=\"cz_title_shape shape_square cz_shape_2\"><\/div><div class=\"cz_title_content\"><div class=\"cz_wpe_content\"><h2><span style=\"font-weight: bold;\">Explora T\u00e1nger y sus alrededores a tu propio ritmo. <\/span><\/h2><\/div><\/div><\/div>\r\n\t\t<\/div>\r\n\t\t\r\n\t\t\t\t\t\t<\/div>\n\t\t\t\t<\/div>\n\t\t\t\t<div class=\"elementor-element elementor-element-891d02a elementor-widget elementor-widget-cz_title\" data-id=\"891d02a\" data-element_type=\"widget\" data-widget_type=\"cz_title.default\">\n\t\t\t\t<div class=\"elementor-widget-container\">\n\t\t\t\t\t\t\r\n\t\t<div>\r\n\t\t\t<div class=\"cz_title clr cz_mobile_text_center cz_title_pos_inline\"><div class=\"cz_title_content\"><div class=\"cz_wpe_content\"><p>T\u00e1nger es una ciudad fascinante que combina cultura, modernidad y encanto mediterr\u00e1neo. Con tu coche de alquiler, explora la ciudad a tu ritmo y disfruta de todo lo que ofrece.<\/p><ul><li>Visite la Medina y el Gran Zoco, admire las vistas desde el Cabo Espartel o pasee por la Kasbah para sumergirse en la historia de la ciudad.<\/li><li>No te pierdas las Cuevas de H\u00e9rcules, uno de los lugares m\u00e1s emblem\u00e1ticos del norte de Marruecos.<\/li><\/ul><p>Con tu coche, tambi\u00e9n puedes explorar Asilah, Chefchaouen o Tetu\u00e1n, todas ellas situadas a pocas horas en coche de T\u00e1nger.<\/p><\/div><\/div><\/div>\r\n\t\t<\/div>\r\n\t\t\r\n\t\t\t\t\t\t<\/div>\n\t\t\t\t<\/div>\n\t\t\t\t\t<\/div>\n\t\t<\/div>\n\t\t\t\t<div class=\"elementor-column elementor-col-50 elementor-top-column elementor-element elementor-element-a7a9181\" data-id=\"a7a9181\" data-element_type=\"column\">\n\t\t\t<div class=\"elementor-widget-wrap elementor-element-populated\">\n\t\t\t\t\t\t<div class=\"elementor-element elementor-element-78ade99 elementor-widget elementor-widget-cz_image\" data-id=\"78ade99\" data-element_type=\"widget\" data-widget_type=\"cz_image.default\">\n\t\t\t\t<div class=\"elementor-widget-container\">\n\t\t\t\t\t\r\n\t\t<div class=\"cz_image clr cz_image_no_fx center_on_mobile\" data-position=\"\">\r\n\r\n\t\t\t<div>\r\n\r\n\t\t\t\t<div class=\"cz_image_in\">\r\n\r\n\t\t\t\t\t<div class=\"cz_main_image\"><img decoding=\"async\" width=\"500\" height=\"680\" src=\"https:\/\/locationmaroc.net\/wp-content\/uploads\/2025\/11\/Tanger-city-min.jpg\" class=\"attachment-full size-full wp-image-1657\" alt=\"\" srcset=\"https:\/\/locationmaroc.net\/wp-content\/uploads\/2025\/11\/Tanger-city-min.jpg 500w, https:\/\/locationmaroc.net\/wp-content\/uploads\/2025\/11\/Tanger-city-min-221x300.jpg 221w\" sizes=\"(max-width: 500px) 100vw, 500px\" \/><\/div>\r\n\r\n\t\t\t\t\t<div class=\"cz_hover_image\"><img decoding=\"async\" width=\"500\" height=\"680\" src=\"https:\/\/locationmaroc.net\/wp-content\/uploads\/2025\/11\/Tanger-city-min.jpg\" class=\"attachment-full size-full wp-image-1657\" alt=\"\" srcset=\"https:\/\/locationmaroc.net\/wp-content\/uploads\/2025\/11\/Tanger-city-min.jpg 500w, https:\/\/locationmaroc.net\/wp-content\/uploads\/2025\/11\/Tanger-city-min-221x300.jpg 221w\" sizes=\"(max-width: 500px) 100vw, 500px\" \/><\/div>\r\n\t\t\t\t<\/div>\r\n\r\n\t\t\t\t\r\n\t\t\t<\/div>\r\n\r\n\t\t<\/div>\r\n\r\n\t\t\t\t\t<\/div>\n\t\t\t\t<\/div>\n\t\t\t\t\t<\/div>\n\t\t<\/div>\n\t\t\t\t\t<\/div>\n\t\t<\/section>\n\t\t\t\t<section class=\"elementor-section elementor-top-section elementor-element elementor-element-5d84bd1 elementor-section-boxed elementor-section-height-default elementor-section-height-default\" data-id=\"5d84bd1\" data-element_type=\"section\">\n\t\t\t\t\t\t<div class=\"elementor-container elementor-column-gap-default\">\n\t\t\t\t\t<div class=\"elementor-column elementor-col-100 elementor-top-column elementor-element elementor-element-46f8a6e\" data-id=\"46f8a6e\" data-element_type=\"column\">\n\t\t\t<div class=\"elementor-widget-wrap elementor-element-populated\">\n\t\t\t\t\t\t<div class=\"elementor-element elementor-element-9845df4 elementor-widget elementor-widget-spacer\" data-id=\"9845df4\" data-element_type=\"widget\" data-widget_type=\"spacer.default\">\n\t\t\t\t\t\t\t<div class=\"elementor-spacer\">\n\t\t\t<div class=\"elementor-spacer-inner\"><\/div>\n\t\t<\/div>\n\t\t\t\t\t\t<\/div>\n\t\t\t\t\t<\/div>\n\t\t<\/div>\n\t\t\t\t\t<\/div>\n\t\t<\/section>\n\t\t\t\t<\/div>","protected":false},"excerpt":{"rendered":"<p>Location Auto Maroc Agence de Location de Voiture \u00e0 Tanger D\u00e9couvrez &#8230; <\/p>","protected":false},"author":1,"featured_media":0,"parent":0,"menu_order":0,"comment_status":"closed","ping_status":"closed","template":"","meta":{"footnotes":""},"class_list":["post-1884","page","type-page","status-publish","hentry"],"_links":{"self":[{"href":"https:\/\/locationmaroc.net\/es\/wp-json\/wp\/v2\/pages\/1884","targetHints":{"allow":["GET"]}}],"collection":[{"href":"https:\/\/locationmaroc.net\/es\/wp-json\/wp\/v2\/pages"}],"about":[{"href":"https:\/\/locationmaroc.net\/es\/wp-json\/wp\/v2\/types\/page"}],"author":[{"embeddable":true,"href":"https:\/\/locationmaroc.net\/es\/wp-json\/wp\/v2\/users\/1"}],"replies":[{"embeddable":true,"href":"https:\/\/locationmaroc.net\/es\/wp-json\/wp\/v2\/comments?post=1884"}],"version-history":[{"count":4,"href":"https:\/\/locationmaroc.net\/es\/wp-json\/wp\/v2\/pages\/1884\/revisions"}],"predecessor-version":[{"id":1890,"href":"https:\/\/locationmaroc.net\/es\/wp-json\/wp\/v2\/pages\/1884\/revisions\/1890"}],"wp:attachment":[{"href":"https:\/\/locationmaroc.net\/es\/wp-json\/wp\/v2\/media?parent=1884"}],"curies":[{"name":"wp","href":"https:\/\/api.w.org\/{rel}","templated":true}]}}