{"id":1891,"date":"2025-11-13T09:11:14","date_gmt":"2025-11-13T09:11:14","guid":{"rendered":"https:\/\/locationmaroc.net\/?page_id=1891"},"modified":"2025-11-14T14:30:07","modified_gmt":"2025-11-14T14:30:07","slug":"agencia-de-alquiler-de-coches-en-rabat-marruecos","status":"publish","type":"page","link":"https:\/\/locationmaroc.net\/es\/agencia-de-alquiler-de-coches-en-rabat-marruecos\/","title":{"rendered":"Rabat"},"content":{"rendered":"<div data-elementor-type=\"wp-page\" data-elementor-id=\"1891\" class=\"elementor elementor-1891\">\n\t\t\t\t\t\t<section class=\"elementor-section elementor-top-section elementor-element elementor-element-3e9416c elementor-section-stretched elementor-section-boxed elementor-section-height-default elementor-section-height-default\" data-id=\"3e9416c\" data-element_type=\"section\" data-settings=\"{&quot;stretch_section&quot;:&quot;section-stretched&quot;,&quot;background_background&quot;:&quot;classic&quot;}\">\n\t\t\t\t\t\t<div class=\"elementor-container elementor-column-gap-default\">\n\t\t\t\t\t<div class=\"elementor-column elementor-col-100 elementor-top-column elementor-element elementor-element-84981cf\" data-id=\"84981cf\" data-element_type=\"column\">\n\t\t\t<div class=\"elementor-widget-wrap elementor-element-populated\">\n\t\t\t\t\t\t<div class=\"elementor-element elementor-element-cae8838 elementor-widget elementor-widget-cz_title\" data-id=\"cae8838\" data-element_type=\"widget\" data-widget_type=\"cz_title.default\">\n\t\t\t\t<div class=\"elementor-widget-container\">\n\t\t\t\t\t\t\r\n\t\t<div>\r\n\t\t\t<div class=\"cz_title clr cz_mobile_text_center cz_title_pos_inline tac\"><div class=\"cz_title_shape shape_square cz_shape_1\"><\/div><div class=\"cz_title_shape shape_square cz_shape_2\"><\/div><div class=\"cz_title_content\"><div class=\"cz_wpe_content\"><h3 style=\"text-align: center;\"><span style=\"font-weight: 300; color: #ffffff;\">Alquiler de coches en Marruecos<\/span><\/h3>\n<h2 style=\"text-align: center;\"><span style=\"color: #ffffff; font-weight: bold;\">Agencia de alquiler de coches en Rabat<\/span><\/h2><\/div><\/div><\/div>\r\n\t\t<\/div>\r\n\t\t\r\n\t\t\t\t\t\t<\/div>\n\t\t\t\t<\/div>\n\t\t\t\t<section class=\"elementor-section elementor-inner-section elementor-element elementor-element-e716e90 elementor-section-boxed elementor-section-height-default elementor-section-height-default\" data-id=\"e716e90\" data-element_type=\"section\">\n\t\t\t\t\t\t<div class=\"elementor-container elementor-column-gap-default\">\n\t\t\t\t\t<div class=\"elementor-column elementor-col-100 elementor-inner-column elementor-element elementor-element-baf0686\" data-id=\"baf0686\" data-element_type=\"column\">\n\t\t\t<div class=\"elementor-widget-wrap elementor-element-populated\">\n\t\t\t\t\t\t<div class=\"elementor-element elementor-element-22f62b9 elementor-widget elementor-widget-cz_title\" data-id=\"22f62b9\" data-element_type=\"widget\" data-widget_type=\"cz_title.default\">\n\t\t\t\t<div class=\"elementor-widget-container\">\n\t\t\t\t\t\t\r\n\t\t<div>\r\n\t\t\t<div class=\"cz_title clr cz_mobile_text_center cz_title_pos_inline tac\"><div class=\"cz_title_content\"><div class=\"cz_wpe_content\"><p style=\"text-align: center;\"><span style=\"color: #ffffff;\"><span style=\"font-size: 18px;\">Viaja con total libertad con Location Auto Maroc, tu socio de confianza para el alquiler de coches en Rabat. Ya sea por negocios, placer o una simple escapada, disfruta de un servicio r\u00e1pido y fiable para descubrir la capital de Marruecos con total tranquilidad. <\/span><\/span><\/p><\/div><\/div><\/div>\r\n\t\t<\/div>\r\n\t\t\r\n\t\t\t\t\t\t<\/div>\n\t\t\t\t<\/div>\n\t\t\t\t<div class=\"elementor-element elementor-element-5b29a14 elementor-widget elementor-widget-cz_attribute_box\" data-id=\"5b29a14\" data-element_type=\"widget\" data-widget_type=\"cz_attribute_box.default\">\n\t\t\t\t<div class=\"elementor-widget-container\">\n\t\t\t\t\t<div class=\"xtra-attribute-box cz_svg_bg clr\"><div><div class=\"xtra-attribute-box-item elementor-repeater-item-63be85c\"><p><span style=\"font-size: 12px;\">Horario de atenci\u00f3n<br \/><\/span><\/p><h5>24\/7<\/h5><\/div><div class=\"xtra-attribute-box-item elementor-repeater-item-fcf9f18\"><span style=\"font-size: 12px;\">Semejante<\/span>\n<h5>Tel\u00e9fono: +212 6 000 25 999\n<\/h5><\/div><div class=\"xtra-attribute-box-item elementor-repeater-item-2ef1b76\"><span style=\"font-size: 12px;\">Correo electr\u00f3nico<\/span>\n<h5>Rabat@<\/h5><\/div><a ><\/a><\/div><\/div>\t\t\t\t<\/div>\n\t\t\t\t<\/div>\n\t\t\t\t\t<\/div>\n\t\t<\/div>\n\t\t\t\t\t<\/div>\n\t\t<\/section>\n\t\t\t\t\t<\/div>\n\t\t<\/div>\n\t\t\t\t\t<\/div>\n\t\t<\/section>\n\t\t\t\t<section class=\"elementor-section elementor-top-section elementor-element elementor-element-511057a elementor-section-boxed elementor-section-height-default elementor-section-height-default\" data-id=\"511057a\" data-element_type=\"section\">\n\t\t\t\t\t\t<div class=\"elementor-container elementor-column-gap-default\">\n\t\t\t\t\t<div class=\"elementor-column elementor-col-50 elementor-top-column elementor-element elementor-element-5162d30\" data-id=\"5162d30\" data-element_type=\"column\">\n\t\t\t<div class=\"elementor-widget-wrap elementor-element-populated\">\n\t\t\t\t\t\t<div class=\"elementor-element elementor-element-f8ec630 elementor-widget elementor-widget-cz_image\" data-id=\"f8ec630\" data-element_type=\"widget\" data-widget_type=\"cz_image.default\">\n\t\t\t\t<div class=\"elementor-widget-container\">\n\t\t\t\t\t\r\n\t\t<div class=\"cz_image clr cz_image_no_fx center_on_mobile\" data-position=\"\">\r\n\r\n\t\t\t<div>\r\n\r\n\t\t\t\t<div class=\"cz_image_in\">\r\n\r\n\t\t\t\t\t<div class=\"cz_main_image\"><img fetchpriority=\"high\" decoding=\"async\" width=\"500\" height=\"680\" src=\"https:\/\/locationmaroc.net\/wp-content\/uploads\/2025\/11\/Rabat-city-min.jpg\" class=\"attachment-full size-full wp-image-1659\" alt=\"\" srcset=\"https:\/\/locationmaroc.net\/wp-content\/uploads\/2025\/11\/Rabat-city-min.jpg 500w, https:\/\/locationmaroc.net\/wp-content\/uploads\/2025\/11\/Rabat-city-min-221x300.jpg 221w\" sizes=\"(max-width: 500px) 100vw, 500px\" \/><\/div>\r\n\r\n\t\t\t\t\t<div class=\"cz_hover_image\"><img fetchpriority=\"high\" decoding=\"async\" width=\"500\" height=\"680\" src=\"https:\/\/locationmaroc.net\/wp-content\/uploads\/2025\/11\/Rabat-city-min.jpg\" class=\"attachment-full size-full wp-image-1659\" alt=\"\" srcset=\"https:\/\/locationmaroc.net\/wp-content\/uploads\/2025\/11\/Rabat-city-min.jpg 500w, https:\/\/locationmaroc.net\/wp-content\/uploads\/2025\/11\/Rabat-city-min-221x300.jpg 221w\" sizes=\"(max-width: 500px) 100vw, 500px\" \/><\/div>\r\n\t\t\t\t<\/div>\r\n\r\n\t\t\t\t\r\n\t\t\t<\/div>\r\n\r\n\t\t<\/div>\r\n\r\n\t\t\t\t\t<\/div>\n\t\t\t\t<\/div>\n\t\t\t\t\t<\/div>\n\t\t<\/div>\n\t\t\t\t<div class=\"elementor-column elementor-col-50 elementor-top-column elementor-element elementor-element-ce2403b\" data-id=\"ce2403b\" data-element_type=\"column\">\n\t\t\t<div class=\"elementor-widget-wrap elementor-element-populated\">\n\t\t\t\t\t\t<div class=\"elementor-element elementor-element-07fcd44 elementor-widget elementor-widget-cz_title\" data-id=\"07fcd44\" data-element_type=\"widget\" data-widget_type=\"cz_title.default\">\n\t\t\t\t<div class=\"elementor-widget-container\">\n\t\t\t\t\t\t\r\n\t\t<div>\r\n\t\t\t<div class=\"cz_title clr cz_mobile_text_center cz_title_pos_inline\"><div class=\"cz_title_shape shape_square cz_shape_1\"><\/div><div class=\"cz_title_shape shape_square cz_shape_2\"><\/div><div class=\"cz_title_content\"><div class=\"cz_wpe_content\"><h2><span style=\"font-weight: bold;\">Tu agencia de alquiler de coches en el centro de Rabat <\/span><\/h2><\/div><\/div><\/div>\r\n\t\t<\/div>\r\n\t\t\r\n\t\t\t\t\t\t<\/div>\n\t\t\t\t<\/div>\n\t\t\t\t<div class=\"elementor-element elementor-element-a94fcd7 elementor-widget elementor-widget-cz_title\" data-id=\"a94fcd7\" data-element_type=\"widget\" data-widget_type=\"cz_title.default\">\n\t\t\t\t<div class=\"elementor-widget-container\">\n\t\t\t\t\t\t\r\n\t\t<div>\r\n\t\t\t<div class=\"cz_title clr cz_mobile_text_center cz_title_pos_inline\"><div class=\"cz_title_content\"><div class=\"cz_wpe_content\"><p>Ubicada en el coraz\u00f3n de la capital, nuestra agencia Location Auto Maroc \u2013 Rabat Centre-Ville le ofrece una amplia gama de veh\u00edculos recientes, c\u00f3modos y en perfecto estado.<br \/>Ofrecemos modelos que se adaptan a todas las necesidades y presupuestos.<\/p><ul><li>Coches urbanos pr\u00e1cticos para desplazarse f\u00e1cilmente por el centro de Rabat.<\/li><li>Elegantes berlinas para sus viajes de negocios o de larga distancia.<\/li><li>Veh\u00edculos SUV y 4x4 para explorar las carreteras costeras y sus alrededores.<\/li><li>Veh\u00edculos familiares y utilitarios para grupos o necesidades de transporte espec\u00edficas.<\/li><\/ul><p>Todos nuestros veh\u00edculos cuentan con aire acondicionado, seguro y son inspeccionados regularmente para garantizar una experiencia de conducci\u00f3n segura y placentera.<\/p><\/div><\/div><\/div>\r\n\t\t<\/div>\r\n\t\t\r\n\t\t\t\t\t\t<\/div>\n\t\t\t\t<\/div>\n\t\t\t\t\t<\/div>\n\t\t<\/div>\n\t\t\t\t\t<\/div>\n\t\t<\/section>\n\t\t\t\t<section class=\"elementor-section elementor-top-section elementor-element elementor-element-b179725 elementor-section-boxed elementor-section-height-default elementor-section-height-default\" data-id=\"b179725\" data-element_type=\"section\">\n\t\t\t\t\t\t<div class=\"elementor-container elementor-column-gap-default\">\n\t\t\t\t\t<div class=\"elementor-column elementor-col-50 elementor-top-column elementor-element elementor-element-16715bd\" data-id=\"16715bd\" data-element_type=\"column\">\n\t\t\t<div class=\"elementor-widget-wrap elementor-element-populated\">\n\t\t\t\t\t\t<div class=\"elementor-element elementor-element-1b565fc elementor-widget elementor-widget-cz_title\" data-id=\"1b565fc\" data-element_type=\"widget\" data-widget_type=\"cz_title.default\">\n\t\t\t\t<div class=\"elementor-widget-container\">\n\t\t\t\t\t\t\r\n\t\t<div>\r\n\t\t\t<div class=\"cz_title clr cz_mobile_text_center cz_title_pos_inline\"><div class=\"cz_title_shape shape_square cz_shape_1\"><\/div><div class=\"cz_title_shape shape_square cz_shape_2\"><\/div><div class=\"cz_title_content\"><div class=\"cz_wpe_content\"><h2><span style=\"font-weight: bold;\">Explora Rabat y sus alrededores con total libertad <\/span><\/h2><\/div><\/div><\/div>\r\n\t\t<\/div>\r\n\t\t\r\n\t\t\t\t\t\t<\/div>\n\t\t\t\t<\/div>\n\t\t\t\t<div class=\"elementor-element elementor-element-891d02a elementor-widget elementor-widget-cz_title\" data-id=\"891d02a\" data-element_type=\"widget\" data-widget_type=\"cz_title.default\">\n\t\t\t\t<div class=\"elementor-widget-container\">\n\t\t\t\t\t\t\r\n\t\t<div>\r\n\t\t\t<div class=\"cz_title clr cz_mobile_text_center cz_title_pos_inline\"><div class=\"cz_title_content\"><div class=\"cz_wpe_content\"><p>Rabat, la capital administrativa y pol\u00edtica de Marruecos, combina modernidad, historia y un estilo de vida refinado. Con tu coche de alquiler, explora la ciudad a tu propio ritmo y disfruta plenamente de sus tesoros.<\/p><ul><li>Visite la Kasbah de los Oudayas, el Mausoleo de Mohammed V o la Torre Hassan, s\u00edmbolos imprescindibles de la ciudad.<\/li><li>D\u00e9 un paseo por el paseo mar\u00edtimo de Rabat o por las estrechas calles de la medina.<\/li><li>Con tu coche, podr\u00e1s dirigirte f\u00e1cilmente a Sal\u00e9, Skhirat o Kenitra para disfrutar de una excursi\u00f3n a la costa o al campo.<\/li><\/ul><p>Con Location Auto Maroc, puedes crear tu propio itinerario y explorar la regi\u00f3n sin restricciones.<\/p><\/div><\/div><\/div>\r\n\t\t<\/div>\r\n\t\t\r\n\t\t\t\t\t\t<\/div>\n\t\t\t\t<\/div>\n\t\t\t\t\t<\/div>\n\t\t<\/div>\n\t\t\t\t<div class=\"elementor-column elementor-col-50 elementor-top-column elementor-element elementor-element-a7a9181\" data-id=\"a7a9181\" data-element_type=\"column\">\n\t\t\t<div class=\"elementor-widget-wrap elementor-element-populated\">\n\t\t\t\t\t\t<div class=\"elementor-element elementor-element-78ade99 elementor-widget elementor-widget-cz_image\" data-id=\"78ade99\" data-element_type=\"widget\" data-widget_type=\"cz_image.default\">\n\t\t\t\t<div class=\"elementor-widget-container\">\n\t\t\t\t\t\r\n\t\t<div class=\"cz_image clr cz_image_no_fx center_on_mobile\" data-position=\"\">\r\n\r\n\t\t\t<div>\r\n\r\n\t\t\t\t<div class=\"cz_image_in\">\r\n\r\n\t\t\t\t\t<div class=\"cz_main_image\"><img decoding=\"async\" width=\"500\" height=\"680\" src=\"https:\/\/locationmaroc.net\/wp-content\/uploads\/2025\/11\/agence-location-voiture-rabat-locationauto-maroc.jpg\" class=\"attachment-full size-full wp-image-1893\" alt=\"agencia de alquiler de coches en Rabat, alquiler de coches en Marruecos\" srcset=\"https:\/\/locationmaroc.net\/wp-content\/uploads\/2025\/11\/agence-location-voiture-rabat-locationauto-maroc.jpg 500w, https:\/\/locationmaroc.net\/wp-content\/uploads\/2025\/11\/agence-location-voiture-rabat-locationauto-maroc-221x300.jpg 221w\" sizes=\"(max-width: 500px) 100vw, 500px\" \/><\/div>\r\n\r\n\t\t\t\t\t<div class=\"cz_hover_image\"><img decoding=\"async\" width=\"500\" height=\"680\" src=\"https:\/\/locationmaroc.net\/wp-content\/uploads\/2025\/11\/agence-location-voiture-rabat-locationauto-maroc.jpg\" class=\"attachment-full size-full wp-image-1893\" alt=\"agencia de alquiler de coches en Rabat, alquiler de coches en Marruecos\" srcset=\"https:\/\/locationmaroc.net\/wp-content\/uploads\/2025\/11\/agence-location-voiture-rabat-locationauto-maroc.jpg 500w, https:\/\/locationmaroc.net\/wp-content\/uploads\/2025\/11\/agence-location-voiture-rabat-locationauto-maroc-221x300.jpg 221w\" sizes=\"(max-width: 500px) 100vw, 500px\" \/><\/div>\r\n\t\t\t\t<\/div>\r\n\r\n\t\t\t\t\r\n\t\t\t<\/div>\r\n\r\n\t\t<\/div>\r\n\r\n\t\t\t\t\t<\/div>\n\t\t\t\t<\/div>\n\t\t\t\t\t<\/div>\n\t\t<\/div>\n\t\t\t\t\t<\/div>\n\t\t<\/section>\n\t\t\t\t<section class=\"elementor-section elementor-top-section elementor-element elementor-element-5d84bd1 elementor-section-boxed elementor-section-height-default elementor-section-height-default\" data-id=\"5d84bd1\" data-element_type=\"section\">\n\t\t\t\t\t\t<div class=\"elementor-container elementor-column-gap-default\">\n\t\t\t\t\t<div class=\"elementor-column elementor-col-100 elementor-top-column elementor-element elementor-element-46f8a6e\" data-id=\"46f8a6e\" data-element_type=\"column\">\n\t\t\t<div class=\"elementor-widget-wrap elementor-element-populated\">\n\t\t\t\t\t\t<div class=\"elementor-element elementor-element-9845df4 elementor-widget elementor-widget-spacer\" data-id=\"9845df4\" data-element_type=\"widget\" data-widget_type=\"spacer.default\">\n\t\t\t\t\t\t\t<div class=\"elementor-spacer\">\n\t\t\t<div class=\"elementor-spacer-inner\"><\/div>\n\t\t<\/div>\n\t\t\t\t\t\t<\/div>\n\t\t\t\t\t<\/div>\n\t\t<\/div>\n\t\t\t\t\t<\/div>\n\t\t<\/section>\n\t\t\t\t<\/div>","protected":false},"excerpt":{"rendered":"<p>Location Auto Maroc Agence de Location de Voiture \u00e0 Rabat Voyagez &#8230; <\/p>","protected":false},"author":1,"featured_media":0,"parent":0,"menu_order":0,"comment_status":"closed","ping_status":"closed","template":"","meta":{"footnotes":""},"class_list":["post-1891","page","type-page","status-publish","hentry"],"_links":{"self":[{"href":"https:\/\/locationmaroc.net\/es\/wp-json\/wp\/v2\/pages\/1891","targetHints":{"allow":["GET"]}}],"collection":[{"href":"https:\/\/locationmaroc.net\/es\/wp-json\/wp\/v2\/pages"}],"about":[{"href":"https:\/\/locationmaroc.net\/es\/wp-json\/wp\/v2\/types\/page"}],"author":[{"embeddable":true,"href":"https:\/\/locationmaroc.net\/es\/wp-json\/wp\/v2\/users\/1"}],"replies":[{"embeddable":true,"href":"https:\/\/locationmaroc.net\/es\/wp-json\/wp\/v2\/comments?post=1891"}],"version-history":[{"count":4,"href":"https:\/\/locationmaroc.net\/es\/wp-json\/wp\/v2\/pages\/1891\/revisions"}],"predecessor-version":[{"id":1896,"href":"https:\/\/locationmaroc.net\/es\/wp-json\/wp\/v2\/pages\/1891\/revisions\/1896"}],"wp:attachment":[{"href":"https:\/\/locationmaroc.net\/es\/wp-json\/wp\/v2\/media?parent=1891"}],"curies":[{"name":"wp","href":"https:\/\/api.w.org\/{rel}","templated":true}]}}