{"id":1897,"date":"2025-11-13T09:17:10","date_gmt":"2025-11-13T09:17:10","guid":{"rendered":"https:\/\/locationmaroc.net\/?page_id=1897"},"modified":"2025-11-14T14:29:07","modified_gmt":"2025-11-14T14:29:07","slug":"agencia-de-alquiler-de-coches-en-marrakech-marruecos","status":"publish","type":"page","link":"https:\/\/locationmaroc.net\/es\/agencia-de-alquiler-de-coches-en-marrakech-marruecos\/","title":{"rendered":"Marrakech"},"content":{"rendered":"<div data-elementor-type=\"wp-page\" data-elementor-id=\"1897\" class=\"elementor elementor-1897\">\n\t\t\t\t\t\t<section class=\"elementor-section elementor-top-section elementor-element elementor-element-3e9416c elementor-section-stretched elementor-section-boxed elementor-section-height-default elementor-section-height-default\" data-id=\"3e9416c\" data-element_type=\"section\" data-settings=\"{&quot;stretch_section&quot;:&quot;section-stretched&quot;,&quot;background_background&quot;:&quot;classic&quot;}\">\n\t\t\t\t\t\t<div class=\"elementor-container elementor-column-gap-default\">\n\t\t\t\t\t<div class=\"elementor-column elementor-col-100 elementor-top-column elementor-element elementor-element-84981cf\" data-id=\"84981cf\" data-element_type=\"column\">\n\t\t\t<div class=\"elementor-widget-wrap elementor-element-populated\">\n\t\t\t\t\t\t<div class=\"elementor-element elementor-element-cae8838 elementor-widget elementor-widget-cz_title\" data-id=\"cae8838\" data-element_type=\"widget\" data-widget_type=\"cz_title.default\">\n\t\t\t\t<div class=\"elementor-widget-container\">\n\t\t\t\t\t\t\r\n\t\t<div>\r\n\t\t\t<div class=\"cz_title clr cz_mobile_text_center cz_title_pos_inline tac\"><div class=\"cz_title_shape shape_square cz_shape_1\"><\/div><div class=\"cz_title_shape shape_square cz_shape_2\"><\/div><div class=\"cz_title_content\"><div class=\"cz_wpe_content\"><h3 style=\"text-align: center;\"><span style=\"font-weight: 300; color: #ffffff;\">Alquiler de coches en Marruecos<\/span><\/h3>\n<h2 style=\"text-align: center;\"><span style=\"color: #ffffff; font-weight: bold;\">Agencia de alquiler de coches en Marrakech<\/span><\/h2><\/div><\/div><\/div>\r\n\t\t<\/div>\r\n\t\t\r\n\t\t\t\t\t\t<\/div>\n\t\t\t\t<\/div>\n\t\t\t\t<section class=\"elementor-section elementor-inner-section elementor-element elementor-element-e716e90 elementor-section-boxed elementor-section-height-default elementor-section-height-default\" data-id=\"e716e90\" data-element_type=\"section\">\n\t\t\t\t\t\t<div class=\"elementor-container elementor-column-gap-default\">\n\t\t\t\t\t<div class=\"elementor-column elementor-col-100 elementor-inner-column elementor-element elementor-element-baf0686\" data-id=\"baf0686\" data-element_type=\"column\">\n\t\t\t<div class=\"elementor-widget-wrap elementor-element-populated\">\n\t\t\t\t\t\t<div class=\"elementor-element elementor-element-22f62b9 elementor-widget elementor-widget-cz_title\" data-id=\"22f62b9\" data-element_type=\"widget\" data-widget_type=\"cz_title.default\">\n\t\t\t\t<div class=\"elementor-widget-container\">\n\t\t\t\t\t\t\r\n\t\t<div>\r\n\t\t\t<div class=\"cz_title clr cz_mobile_text_center cz_title_pos_inline tac\"><div class=\"cz_title_content\"><div class=\"cz_wpe_content\"><p style=\"text-align: center;\"><span style=\"color: #ffffff;\"><span style=\"font-size: 18px;\">Descubre Marrakech a tu ritmo con Location Auto Maroc, tu socio de confianza para el alquiler de coches en Marrakech. Disfruta de un servicio r\u00e1pido, fiable y asequible para explorar la Ciudad Roja y sus maravillas, desde cultura y relax hasta aventura. Ya sea por negocios, ocio o una escapada r\u00e1pida, aprovecha nuestro servicio fiable y eficiente para descubrir la capital de Marruecos con total tranquilidad. <\/span><\/span><\/p><\/div><\/div><\/div>\r\n\t\t<\/div>\r\n\t\t\r\n\t\t\t\t\t\t<\/div>\n\t\t\t\t<\/div>\n\t\t\t\t<div class=\"elementor-element elementor-element-5b29a14 elementor-widget elementor-widget-cz_attribute_box\" data-id=\"5b29a14\" data-element_type=\"widget\" data-widget_type=\"cz_attribute_box.default\">\n\t\t\t\t<div class=\"elementor-widget-container\">\n\t\t\t\t\t<div class=\"xtra-attribute-box cz_svg_bg clr\"><div><div class=\"xtra-attribute-box-item elementor-repeater-item-63be85c\"><p><span style=\"font-size: 12px;\">Horario de atenci\u00f3n<br \/><\/span><\/p><h5>24\/7<\/h5><\/div><div class=\"xtra-attribute-box-item elementor-repeater-item-fcf9f18\"><span style=\"font-size: 12px;\">Semejante<\/span>\n<h5>Tel\u00e9fono: +212 6 000 79 444\n<\/h5><\/div><div class=\"xtra-attribute-box-item elementor-repeater-item-2ef1b76\"><span style=\"font-size: 12px;\">Correo electr\u00f3nico<\/span>\n<h5>Marrakech@<\/h5><\/div><a ><\/a><\/div><\/div>\t\t\t\t<\/div>\n\t\t\t\t<\/div>\n\t\t\t\t\t<\/div>\n\t\t<\/div>\n\t\t\t\t\t<\/div>\n\t\t<\/section>\n\t\t\t\t\t<\/div>\n\t\t<\/div>\n\t\t\t\t\t<\/div>\n\t\t<\/section>\n\t\t\t\t<section class=\"elementor-section elementor-top-section elementor-element elementor-element-511057a elementor-section-boxed elementor-section-height-default elementor-section-height-default\" data-id=\"511057a\" data-element_type=\"section\">\n\t\t\t\t\t\t<div class=\"elementor-container elementor-column-gap-default\">\n\t\t\t\t\t<div class=\"elementor-column elementor-col-50 elementor-top-column elementor-element elementor-element-5162d30\" data-id=\"5162d30\" data-element_type=\"column\">\n\t\t\t<div class=\"elementor-widget-wrap elementor-element-populated\">\n\t\t\t\t\t\t<div class=\"elementor-element elementor-element-f8ec630 elementor-widget elementor-widget-cz_image\" data-id=\"f8ec630\" data-element_type=\"widget\" data-widget_type=\"cz_image.default\">\n\t\t\t\t<div class=\"elementor-widget-container\">\n\t\t\t\t\t\r\n\t\t<div class=\"cz_image clr cz_image_no_fx center_on_mobile\" data-position=\"\">\r\n\r\n\t\t\t<div>\r\n\r\n\t\t\t\t<div class=\"cz_image_in\">\r\n\r\n\t\t\t\t\t<div class=\"cz_main_image\"><img fetchpriority=\"high\" decoding=\"async\" width=\"500\" height=\"680\" src=\"https:\/\/locationmaroc.net\/wp-content\/uploads\/2025\/11\/Marrakech-city-min.jpg\" class=\"attachment-full size-full wp-image-1658\" alt=\"\" srcset=\"https:\/\/locationmaroc.net\/wp-content\/uploads\/2025\/11\/Marrakech-city-min.jpg 500w, https:\/\/locationmaroc.net\/wp-content\/uploads\/2025\/11\/Marrakech-city-min-221x300.jpg 221w\" sizes=\"(max-width: 500px) 100vw, 500px\" \/><\/div>\r\n\r\n\t\t\t\t\t<div class=\"cz_hover_image\"><img fetchpriority=\"high\" decoding=\"async\" width=\"500\" height=\"680\" src=\"https:\/\/locationmaroc.net\/wp-content\/uploads\/2025\/11\/Marrakech-city-min.jpg\" class=\"attachment-full size-full wp-image-1658\" alt=\"\" srcset=\"https:\/\/locationmaroc.net\/wp-content\/uploads\/2025\/11\/Marrakech-city-min.jpg 500w, https:\/\/locationmaroc.net\/wp-content\/uploads\/2025\/11\/Marrakech-city-min-221x300.jpg 221w\" sizes=\"(max-width: 500px) 100vw, 500px\" \/><\/div>\r\n\t\t\t\t<\/div>\r\n\r\n\t\t\t\t\r\n\t\t\t<\/div>\r\n\r\n\t\t<\/div>\r\n\r\n\t\t\t\t\t<\/div>\n\t\t\t\t<\/div>\n\t\t\t\t\t<\/div>\n\t\t<\/div>\n\t\t\t\t<div class=\"elementor-column elementor-col-50 elementor-top-column elementor-element elementor-element-ce2403b\" data-id=\"ce2403b\" data-element_type=\"column\">\n\t\t\t<div class=\"elementor-widget-wrap elementor-element-populated\">\n\t\t\t\t\t\t<div class=\"elementor-element elementor-element-07fcd44 elementor-widget elementor-widget-cz_title\" data-id=\"07fcd44\" data-element_type=\"widget\" data-widget_type=\"cz_title.default\">\n\t\t\t\t<div class=\"elementor-widget-container\">\n\t\t\t\t\t\t\r\n\t\t<div>\r\n\t\t\t<div class=\"cz_title clr cz_mobile_text_center cz_title_pos_inline\"><div class=\"cz_title_shape shape_square cz_shape_1\"><\/div><div class=\"cz_title_shape shape_square cz_shape_2\"><\/div><div class=\"cz_title_content\"><div class=\"cz_wpe_content\"><h2><span style=\"font-weight: bold;\">Tu agencia de alquiler de coches en el centro de Marrakech <\/span><\/h2><\/div><\/div><\/div>\r\n\t\t<\/div>\r\n\t\t\r\n\t\t\t\t\t\t<\/div>\n\t\t\t\t<\/div>\n\t\t\t\t<div class=\"elementor-element elementor-element-a94fcd7 elementor-widget elementor-widget-cz_title\" data-id=\"a94fcd7\" data-element_type=\"widget\" data-widget_type=\"cz_title.default\">\n\t\t\t\t<div class=\"elementor-widget-container\">\n\t\t\t\t\t\t\r\n\t\t<div>\r\n\t\t\t<div class=\"cz_title clr cz_mobile_text_center cz_title_pos_inline\"><div class=\"cz_title_content\"><div class=\"cz_wpe_content\"><p>Nuestra agencia de alquiler de coches en Marruecos, en el centro de Marrakech, le ofrece una flota completa de veh\u00edculos recientes y en buen estado, adaptados a todas sus necesidades.<br \/>Ya sea que se trate de un viaje tur\u00edstico, un viaje de negocios o una escapada familiar, tenemos el veh\u00edculo que necesita.<\/p><ul><li>Coches urbanos econ\u00f3micos para desplazarse con facilidad por las concurridas calles de la medina.<\/li><li>C\u00f3modos sedanes para sus viajes de negocios o viajes largos.<\/li><li>Veh\u00edculos todoterreno y 4x4 para explorar los alrededores y las carreteras de monta\u00f1a.<\/li><li>Veh\u00edculos familiares y utilitarios para grupos o necesidades de transporte espec\u00edficas.<\/li><\/ul><p>Todos nuestros veh\u00edculos son revisados peri\u00f3dicamente, cuentan con aire acondicionado y est\u00e1n asegurados para garantizar su seguridad y comodidad durante toda su estancia.<\/p><\/div><\/div><\/div>\r\n\t\t<\/div>\r\n\t\t\r\n\t\t\t\t\t\t<\/div>\n\t\t\t\t<\/div>\n\t\t\t\t\t<\/div>\n\t\t<\/div>\n\t\t\t\t\t<\/div>\n\t\t<\/section>\n\t\t\t\t<section class=\"elementor-section elementor-top-section elementor-element elementor-element-b179725 elementor-section-boxed elementor-section-height-default elementor-section-height-default\" data-id=\"b179725\" data-element_type=\"section\">\n\t\t\t\t\t\t<div class=\"elementor-container elementor-column-gap-default\">\n\t\t\t\t\t<div class=\"elementor-column elementor-col-50 elementor-top-column elementor-element elementor-element-16715bd\" data-id=\"16715bd\" data-element_type=\"column\">\n\t\t\t<div class=\"elementor-widget-wrap elementor-element-populated\">\n\t\t\t\t\t\t<div class=\"elementor-element elementor-element-1b565fc elementor-widget elementor-widget-cz_title\" data-id=\"1b565fc\" data-element_type=\"widget\" data-widget_type=\"cz_title.default\">\n\t\t\t\t<div class=\"elementor-widget-container\">\n\t\t\t\t\t\t\r\n\t\t<div>\r\n\t\t\t<div class=\"cz_title clr cz_mobile_text_center cz_title_pos_inline\"><div class=\"cz_title_shape shape_square cz_shape_1\"><\/div><div class=\"cz_title_shape shape_square cz_shape_2\"><\/div><div class=\"cz_title_content\"><div class=\"cz_wpe_content\"><h2><span style=\"font-weight: bold;\">Explora Marrakech y sus alrededores a tu propio ritmo. <\/span><\/h2><\/div><\/div><\/div>\r\n\t\t<\/div>\r\n\t\t\r\n\t\t\t\t\t\t<\/div>\n\t\t\t\t<\/div>\n\t\t\t\t<div class=\"elementor-element elementor-element-891d02a elementor-widget elementor-widget-cz_title\" data-id=\"891d02a\" data-element_type=\"widget\" data-widget_type=\"cz_title.default\">\n\t\t\t\t<div class=\"elementor-widget-container\">\n\t\t\t\t\t\t\r\n\t\t<div>\r\n\t\t\t<div class=\"cz_title clr cz_mobile_text_center cz_title_pos_inline\"><div class=\"cz_title_content\"><div class=\"cz_wpe_content\"><p>Marrakech, la capital tur\u00edstica de Marruecos, cautiva con su energ\u00eda \u00fanica y su rico patrimonio.<br \/>Con tu coche de alquiler, descubre la ciudad y sus alrededores a tu propio ritmo.<\/p><ul><li>Pasee por la famosa plaza Jemaa el-Fna y los coloridos zocos de la medina.<\/li><li>Visite los Jardines Majorelle, el Palacio de la Bah\u00eda o la Mezquita Koutoubia.<\/li><li>Para una escapada relajante, dir\u00edjase al Palmeral o a las monta\u00f1as del Atlas, a pocos kil\u00f3metros de distancia.<\/li><li>Con su veh\u00edculo, tambi\u00e9n podr\u00e1 llegar f\u00e1cilmente a Ouarzazate, Essaouira o al desierto de Agafay.<\/li><\/ul><p>Con Location Auto Maroc, usted es libre de experimentar Marrakech seg\u00fan sus deseos, sin restricciones.<\/p><\/div><\/div><\/div>\r\n\t\t<\/div>\r\n\t\t\r\n\t\t\t\t\t\t<\/div>\n\t\t\t\t<\/div>\n\t\t\t\t\t<\/div>\n\t\t<\/div>\n\t\t\t\t<div class=\"elementor-column elementor-col-50 elementor-top-column elementor-element elementor-element-a7a9181\" data-id=\"a7a9181\" data-element_type=\"column\">\n\t\t\t<div class=\"elementor-widget-wrap elementor-element-populated\">\n\t\t\t\t\t\t<div class=\"elementor-element elementor-element-78ade99 elementor-widget elementor-widget-cz_image\" data-id=\"78ade99\" data-element_type=\"widget\" data-widget_type=\"cz_image.default\">\n\t\t\t\t<div class=\"elementor-widget-container\">\n\t\t\t\t\t\r\n\t\t<div class=\"cz_image clr cz_image_no_fx center_on_mobile\" data-position=\"\">\r\n\r\n\t\t\t<div>\r\n\r\n\t\t\t\t<div class=\"cz_image_in\">\r\n\r\n\t\t\t\t\t<div class=\"cz_main_image\"><img decoding=\"async\" width=\"500\" height=\"680\" src=\"https:\/\/locationmaroc.net\/wp-content\/uploads\/2025\/11\/agence-location-voiture-marrakech-locationauto-maroc.jpg\" class=\"attachment-full size-full wp-image-1900\" alt=\"\" srcset=\"https:\/\/locationmaroc.net\/wp-content\/uploads\/2025\/11\/agence-location-voiture-marrakech-locationauto-maroc.jpg 500w, https:\/\/locationmaroc.net\/wp-content\/uploads\/2025\/11\/agence-location-voiture-marrakech-locationauto-maroc-221x300.jpg 221w\" sizes=\"(max-width: 500px) 100vw, 500px\" \/><\/div>\r\n\r\n\t\t\t\t\t<div class=\"cz_hover_image\"><img decoding=\"async\" width=\"500\" height=\"680\" src=\"https:\/\/locationmaroc.net\/wp-content\/uploads\/2025\/11\/agence-location-voiture-marrakech-locationauto-maroc.jpg\" class=\"attachment-full size-full wp-image-1900\" alt=\"\" srcset=\"https:\/\/locationmaroc.net\/wp-content\/uploads\/2025\/11\/agence-location-voiture-marrakech-locationauto-maroc.jpg 500w, https:\/\/locationmaroc.net\/wp-content\/uploads\/2025\/11\/agence-location-voiture-marrakech-locationauto-maroc-221x300.jpg 221w\" sizes=\"(max-width: 500px) 100vw, 500px\" \/><\/div>\r\n\t\t\t\t<\/div>\r\n\r\n\t\t\t\t\r\n\t\t\t<\/div>\r\n\r\n\t\t<\/div>\r\n\r\n\t\t\t\t\t<\/div>\n\t\t\t\t<\/div>\n\t\t\t\t\t<\/div>\n\t\t<\/div>\n\t\t\t\t\t<\/div>\n\t\t<\/section>\n\t\t\t\t<section class=\"elementor-section elementor-top-section elementor-element elementor-element-5d84bd1 elementor-section-boxed elementor-section-height-default elementor-section-height-default\" data-id=\"5d84bd1\" data-element_type=\"section\">\n\t\t\t\t\t\t<div class=\"elementor-container elementor-column-gap-default\">\n\t\t\t\t\t<div class=\"elementor-column elementor-col-100 elementor-top-column elementor-element elementor-element-46f8a6e\" data-id=\"46f8a6e\" data-element_type=\"column\">\n\t\t\t<div class=\"elementor-widget-wrap elementor-element-populated\">\n\t\t\t\t\t\t<div class=\"elementor-element elementor-element-9845df4 elementor-widget elementor-widget-spacer\" data-id=\"9845df4\" data-element_type=\"widget\" data-widget_type=\"spacer.default\">\n\t\t\t\t\t\t\t<div class=\"elementor-spacer\">\n\t\t\t<div class=\"elementor-spacer-inner\"><\/div>\n\t\t<\/div>\n\t\t\t\t\t\t<\/div>\n\t\t\t\t\t<\/div>\n\t\t<\/div>\n\t\t\t\t\t<\/div>\n\t\t<\/section>\n\t\t\t\t<\/div>","protected":false},"excerpt":{"rendered":"<p>Location Auto Maroc Agence de Location de Voiture \u00e0 Marrakech D\u00e9couvrez &#8230; <\/p>","protected":false},"author":1,"featured_media":0,"parent":0,"menu_order":0,"comment_status":"closed","ping_status":"closed","template":"","meta":{"footnotes":""},"class_list":["post-1897","page","type-page","status-publish","hentry"],"_links":{"self":[{"href":"https:\/\/locationmaroc.net\/es\/wp-json\/wp\/v2\/pages\/1897","targetHints":{"allow":["GET"]}}],"collection":[{"href":"https:\/\/locationmaroc.net\/es\/wp-json\/wp\/v2\/pages"}],"about":[{"href":"https:\/\/locationmaroc.net\/es\/wp-json\/wp\/v2\/types\/page"}],"author":[{"embeddable":true,"href":"https:\/\/locationmaroc.net\/es\/wp-json\/wp\/v2\/users\/1"}],"replies":[{"embeddable":true,"href":"https:\/\/locationmaroc.net\/es\/wp-json\/wp\/v2\/comments?post=1897"}],"version-history":[{"count":7,"href":"https:\/\/locationmaroc.net\/es\/wp-json\/wp\/v2\/pages\/1897\/revisions"}],"predecessor-version":[{"id":1906,"href":"https:\/\/locationmaroc.net\/es\/wp-json\/wp\/v2\/pages\/1897\/revisions\/1906"}],"wp:attachment":[{"href":"https:\/\/locationmaroc.net\/es\/wp-json\/wp\/v2\/media?parent=1897"}],"curies":[{"name":"wp","href":"https:\/\/api.w.org\/{rel}","templated":true}]}}