{"id":2033,"date":"2025-11-14T09:44:31","date_gmt":"2025-11-14T09:44:31","guid":{"rendered":"https:\/\/locationmaroc.net\/?page_id=2033"},"modified":"2025-11-14T09:44:57","modified_gmt":"2025-11-14T09:44:57","slug":"mi-reserva","status":"publish","type":"page","link":"https:\/\/locationmaroc.net\/es\/mi-reserva\/","title":{"rendered":"Mi reserva"},"content":{"rendered":"<div class=\"rentway-find-booking-wrapper\">\r\n\r\n        \r\n            <h3 class=\"rentway-step-title\">Trouver ma r\u00e9servation<\/h3>\r\n            <p class=\"rentway-step-subtitle\">Veuillez entrer votre num\u00e9ro de r\u00e9servation et votre e-mail pour voir les d\u00e9tails.<\/p>\r\n            \r\n            \r\n            <form method=\"POST\" action=\"https:\/\/locationmaroc.net\/es\/mi-reserva\/\" class=\"rentway-find-booking-form\" data-trp-original-action=\"https:\/\/locationmaroc.net\/es\/mi-reserva\/\">\r\n                <div class=\"form-group\">\r\n                    <label for=\"booking_id\">Num\u00e9ro de r\u00e9servation (ID)<\/label>\r\n                    <input type=\"text\" id=\"booking_id\" name=\"booking_id\" class=\"form-control\" value=\"\" required>\r\n                <\/div>\r\n                <div class=\"form-group\">\r\n                    <label for=\"booking_email\">Adresse e-mail<\/label>\r\n                    <input type=\"email\" id=\"booking_email\" name=\"booking_email\" class=\"form-control\" value=\"\" required>\r\n                <\/div>\r\n                <div class=\"form-btn\">\r\n                    <button type=\"submit\" class=\"submit-btn\">Trouver ma r\u00e9servation<\/button>\r\n                <\/div>\r\n            <input type=\"hidden\" name=\"trp-form-language\" value=\"es\"\/><\/form>\r\n\r\n        \r\n    <\/div>\r\n    \n\n\n\n<p><\/p>","protected":false},"excerpt":{"rendered":"","protected":false},"author":1,"featured_media":0,"parent":0,"menu_order":0,"comment_status":"closed","ping_status":"closed","template":"","meta":{"footnotes":""},"class_list":["post-2033","page","type-page","status-publish","hentry"],"_links":{"self":[{"href":"https:\/\/locationmaroc.net\/es\/wp-json\/wp\/v2\/pages\/2033","targetHints":{"allow":["GET"]}}],"collection":[{"href":"https:\/\/locationmaroc.net\/es\/wp-json\/wp\/v2\/pages"}],"about":[{"href":"https:\/\/locationmaroc.net\/es\/wp-json\/wp\/v2\/types\/page"}],"author":[{"embeddable":true,"href":"https:\/\/locationmaroc.net\/es\/wp-json\/wp\/v2\/users\/1"}],"replies":[{"embeddable":true,"href":"https:\/\/locationmaroc.net\/es\/wp-json\/wp\/v2\/comments?post=2033"}],"version-history":[{"count":2,"href":"https:\/\/locationmaroc.net\/es\/wp-json\/wp\/v2\/pages\/2033\/revisions"}],"predecessor-version":[{"id":2035,"href":"https:\/\/locationmaroc.net\/es\/wp-json\/wp\/v2\/pages\/2033\/revisions\/2035"}],"wp:attachment":[{"href":"https:\/\/locationmaroc.net\/es\/wp-json\/wp\/v2\/media?parent=2033"}],"curies":[{"name":"wp","href":"https:\/\/api.w.org\/{rel}","templated":true}]}}